{"id":13789,"date":"2024-11-29T16:41:05","date_gmt":"2024-11-29T15:41:05","guid":{"rendered":"https:\/\/www.gimmi.com\/?page_id=13789"},"modified":"2024-12-12T11:25:29","modified_gmt":"2024-12-12T10:25:29","slug":"dichiarazione-sullaccessibilitaimprint","status":"publish","type":"page","link":"https:\/\/www.gimmi.com\/it\/dichiarazione-sullaccessibilitaimprint\/","title":{"rendered":"Dichiarazione sull&#8217;accessibilit\u00e0Imprint"},"content":{"rendered":"\t\t<div data-elementor-type=\"wp-page\" data-elementor-id=\"13789\" class=\"elementor elementor-13789 elementor-13785\" data-elementor-post-type=\"page\">\n\t\t\t\t<div class=\"elementor-element elementor-element-48469c0 e-flex e-con-boxed e-con e-parent\" data-id=\"48469c0\" data-element_type=\"container\" data-e-type=\"container\" id=\"start-other\" data-settings=\"{&quot;background_background&quot;:&quot;classic&quot;}\">\n\t\t\t\t\t<div class=\"e-con-inner\">\n\t\t\t\t\t<\/div>\n\t\t\t\t<\/div>\n\t\t<div class=\"elementor-element elementor-element-794c18f padding-top-25 padding-bottom-200 e-flex e-con-boxed e-con e-parent\" data-id=\"794c18f\" data-element_type=\"container\" data-e-type=\"container\" data-settings=\"{&quot;background_background&quot;:&quot;classic&quot;}\">\n\t\t\t\t\t<div class=\"e-con-inner\">\n\t\t\t\t<div class=\"elementor-element elementor-element-03e0828 margin-bottom-150 elementor-widget elementor-widget-breadcrumbs\" data-id=\"03e0828\" data-element_type=\"widget\" data-e-type=\"widget\" data-widget_type=\"breadcrumbs.default\">\n\t\t\t\t<div class=\"elementor-widget-container\">\n\t\t\t\t\t<p id=\"breadcrumbs\"><span><span><a href=\"https:\/\/www.gimmi.com\/it\/home\/\">Home<\/a><\/span><\/span><\/p>\t\t\t\t<\/div>\n\t\t\t\t<\/div>\n\t\t<div class=\"elementor-element elementor-element-22a712b e-flex e-con-boxed e-con e-child\" data-id=\"22a712b\" data-element_type=\"container\" data-e-type=\"container\">\n\t\t\t\t\t<div class=\"e-con-inner\">\n\t\t<div class=\"elementor-element elementor-element-3f64043 margin-bottom-100  e-con-full e-flex e-con e-child\" data-id=\"3f64043\" data-element_type=\"container\" data-e-type=\"container\">\n\t\t\t\t<div class=\"elementor-element elementor-element-b5fb315 underline padding-bottom-25 elementor-widget__width-initial elementor-widget-mobile__width-inherit elementor-widget-tablet__width-inherit elementor-widget elementor-widget-heading\" data-id=\"b5fb315\" data-element_type=\"widget\" data-e-type=\"widget\" data-widget_type=\"heading.default\">\n\t\t\t\t<div class=\"elementor-widget-container\">\n\t\t\t\t\t<h1 class=\"elementor-heading-title elementor-size-default\">Dichiarazione sull'accessibilit\u00e0Imprint<\/h1>\t\t\t\t<\/div>\n\t\t\t\t<\/div>\n\t\t\t\t<div class=\"elementor-element elementor-element-8bb7780 headline-trenner elementor-widget-divider--view-line elementor-widget elementor-widget-divider\" data-id=\"8bb7780\" data-element_type=\"widget\" data-e-type=\"widget\" data-widget_type=\"divider.default\">\n\t\t\t\t<div class=\"elementor-widget-container\">\n\t\t\t\t\t\t\t<div class=\"elementor-divider\">\n\t\t\t<span class=\"elementor-divider-separator\">\n\t\t\t\t\t\t<\/span>\n\t\t<\/div>\n\t\t\t\t\t\t<\/div>\n\t\t\t\t<\/div>\n\t\t\t\t<\/div>\n\t\t\t\t<div class=\"elementor-element elementor-element-d6a68dd elementor-widget__width-inherit elementor-widget-mobile__width-inherit elementor-widget elementor-widget-text-editor\" data-id=\"d6a68dd\" data-element_type=\"widget\" data-e-type=\"widget\" data-widget_type=\"text-editor.default\">\n\t\t\t\t<div class=\"elementor-widget-container\">\n\t\t\t\t\t\t\t\t\t<p>Gimmi<strong><sup>\u00ae<\/sup><\/strong> GmbH si impegna a rendere accessibile il proprio sito web in conformit\u00e0 con l&#8217;articolo 11 (1) della legge sull&#8217;uguaglianza dei disabili (LBGG) e i requisiti di accessibilit\u00e0 ai sensi dell&#8217;articolo 13 (3) LBGG.<\/p>\n<p>La presente dichiarazione sull&#8217;accessibilit\u00e0 si applica www.gimmi.com<\/p>\n\t\t\t\t\t\t\t\t<\/div>\n\t\t\t\t<\/div>\n\t\t\t\t<div class=\"elementor-element elementor-element-593f9a2 elementor-widget__width-inherit elementor-widget-mobile__width-inherit elementor-widget elementor-widget-text-editor\" data-id=\"593f9a2\" data-element_type=\"widget\" data-e-type=\"widget\" data-widget_type=\"text-editor.default\">\n\t\t\t\t<div class=\"elementor-widget-container\">\n\t\t\t\t\t\t\t\t\t<p><strong>Stato di compatibilit\u00e0 con i requisiti<\/strong><br \/>Questo sito web \u00e8 parzialmente compatibile con l&#8217;articolo 13 (3) LBGG.<\/p>\n\t\t\t\t\t\t\t\t<\/div>\n\t\t\t\t<\/div>\n\t\t\t\t<div class=\"elementor-element elementor-element-f18f320 elementor-widget__width-inherit elementor-widget-mobile__width-inherit elementor-widget elementor-widget-text-editor\" data-id=\"f18f320\" data-element_type=\"widget\" data-e-type=\"widget\" data-widget_type=\"text-editor.default\">\n\t\t\t\t<div class=\"elementor-widget-container\">\n\t\t\t\t\t\t\t\t\t<p><strong>Aree non accessibili<\/strong><br \/>I contenuti elencati di seguito non sono privi di barriere:<\/p>\n<ul>\n<li>PDF Download<\/li>\n<li>Video<\/li>\n<li>Accesso<\/li>\n<li>singole pagine della nostra offerta che sono ancora in fase di revisione<\/li>\n<\/ul>\n\t\t\t\t\t\t\t\t<\/div>\n\t\t\t\t<\/div>\n\t\t\t\t<div class=\"elementor-element elementor-element-eb186eb elementor-widget__width-inherit elementor-widget-mobile__width-inherit elementor-widget elementor-widget-text-editor\" data-id=\"eb186eb\" data-element_type=\"widget\" data-e-type=\"widget\" data-widget_type=\"text-editor.default\">\n\t\t\t\t<div class=\"elementor-widget-container\">\n\t\t\t\t\t\t\t\t\t<p><strong>Preparazione della presente dichiarazione sull&#8217;accessibilit\u00e0<\/strong><br \/>La presente dichiarazione \u00e8 stata redatta il 29\/11\/2024.<br \/>Le affermazioni relative alla conformit\u00e0 ai requisiti di accessibilit\u00e0 contenute nella presente dichiarazione si basano su un&#8217;autovalutazione.<br \/>La dichiarazione \u00e8 stata rivista l&#8217;ultima volta il 29\/11\/2024.<\/p>\n\t\t\t\t\t\t\t\t<\/div>\n\t\t\t\t<\/div>\n\t\t\t\t<div class=\"elementor-element elementor-element-314918b elementor-widget elementor-widget-text-editor\" data-id=\"314918b\" data-element_type=\"widget\" data-e-type=\"widget\" data-widget_type=\"text-editor.default\">\n\t\t\t\t<div class=\"elementor-widget-container\">\n\t\t\t\t\t\t\t\t\t<p><strong>Feedback e contatti<\/strong><br \/>Volete segnalarci le barriere esistenti o chiedere informazioni sull&#8217;implementazione dell&#8217;accessibilit\u00e0? Contattateci per il vostro feedback e per qualsiasi altra informazione: <\/p>\n<p>Gimmi\u00ae GmbH<br \/>Carl-Zeiss-Strasse 6<br \/>78532 Tuttlingen<br \/>Germania<\/p>\n<p>Phone: +49 7461 965900<br \/>Fax: +49 7461 9659033<br \/>Mail: contact@gimmi.com<\/p>\n\t\t\t\t\t\t\t\t<\/div>\n\t\t\t\t<\/div>\n\t\t\t\t<div class=\"elementor-element elementor-element-28f3a82 elementor-widget__width-inherit elementor-widget-mobile__width-inherit elementor-widget elementor-widget-text-editor\" data-id=\"28f3a82\" data-element_type=\"widget\" data-e-type=\"widget\" data-widget_type=\"text-editor.default\">\n\t\t\t\t<div class=\"elementor-widget-container\">\n\t\t\t\t\t\t\t\t\t<p><strong>Procedura di reclamo<\/strong><br \/>Se non si trova una soluzione soddisfacente anche dopo aver risposto al contatto di cui sopra, \u00e8 possibile contattare il rappresentante del governo statale per gli interessi delle persone con disabilit\u00e0 o il rappresentante comunale per gli interessi delle persone con disabilit\u00e0 nell&#8217;ambito della funzione di difensore civico descritta nella Sezione 14 (2) L-BGG e nella Sezione 15 (3) frase 2 L-BGG.\u2028<br \/>\u00c8 possibile contattare il rappresentante del governo statale per gli interessi delle persone con disabilit\u00e0 come segue:<\/p>\n<p>\u00c8 possibile contattare il rappresentante del governo statale per gli interessi delle persone con disabilit\u00e0 come segue:<\/p>\n<p><strong>Commissario di Stato per la disabilit\u00e0 Simone Fischer\u2028<\/strong><br \/>Ufficio del Commissario di Stato per la disabilit\u00e0\u2028<br \/>Else-Josenhans-Stra\u00dfe 6\u2028<br \/>70173 Stoccarda\u2028<br \/>Telefono: +49 (0)711 279 3360\u2028<br \/>Mail: Poststelle@bfbmb.bwl.de<\/p>\n\t\t\t\t\t\t\t\t<\/div>\n\t\t\t\t<\/div>\n\t\t\t\t<div class=\"elementor-element elementor-element-bcaa415 elementor-widget__width-inherit elementor-widget-mobile__width-inherit elementor-widget elementor-widget-text-editor\" data-id=\"bcaa415\" data-element_type=\"widget\" data-e-type=\"widget\" data-widget_type=\"text-editor.default\">\n\t\t\t\t<div class=\"elementor-widget-container\">\n\t\t\t\t\t\t\t\t\t<p><strong>Rapporto sulle barriere<\/strong><br \/>Segnalate un ostacolo o un errore su questo sito web:<\/p>\n\t\t\t\t\t\t\t\t<\/div>\n\t\t\t\t<\/div>\n\t\t\t\t<div class=\"elementor-element elementor-element-0f368ed elementor-widget elementor-widget-shortcode\" data-id=\"0f368ed\" data-element_type=\"widget\" data-e-type=\"widget\" data-widget_type=\"shortcode.default\">\n\t\t\t\t<div class=\"elementor-widget-container\">\n\t\t\t\t\t\t\t<div class=\"elementor-shortcode\">\n<div class=\"wpcf7 no-js\" id=\"wpcf7-f14013-o1\" lang=\"it-IT\" dir=\"ltr\" data-wpcf7-id=\"14013\">\n<div class=\"screen-reader-response\"><p role=\"status\" aria-live=\"polite\" aria-atomic=\"true\"><\/p> <ul><\/ul><\/div>\n<form action=\"\/it\/wp-json\/wp\/v2\/pages\/13789#wpcf7-f14013-o1\" method=\"post\" class=\"wpcf7-form init\" aria-label=\"Modulo di contatto\" novalidate=\"novalidate\" data-status=\"init\">\n<fieldset class=\"hidden-fields-container\"><input type=\"hidden\" name=\"_wpcf7\" value=\"14013\" \/><input type=\"hidden\" name=\"_wpcf7_version\" value=\"6.1.5\" \/><input type=\"hidden\" name=\"_wpcf7_locale\" value=\"it_IT\" \/><input type=\"hidden\" name=\"_wpcf7_unit_tag\" value=\"wpcf7-f14013-o1\" \/><input type=\"hidden\" name=\"_wpcf7_container_post\" value=\"0\" \/><input type=\"hidden\" name=\"_wpcf7_posted_data_hash\" value=\"\" \/>\n<\/fieldset>\n<div class=\"uacf7-form-wrapper-container uacf7-form-14013  \"><div class=\"margin-bottom-50\"><label for=\"lastname\">Nome *<\/label><span class=\"wpcf7-form-control-wrap\" data-name=\"fullname\"><input size=\"40\" maxlength=\"400\" class=\"wpcf7-form-control wpcf7-text wpcf7-validates-as-required\" id=\"lastname\" aria-required=\"true\" aria-invalid=\"false\" placeholder=\"Nome *\" value=\"\" type=\"text\" name=\"fullname\" \/><\/span><\/div>\n\n<div class=\"margin-bottom-50\"><label for=\"email\">E-mail *<\/label><span class=\"wpcf7-form-control-wrap\" data-name=\"email\"><input size=\"40\" maxlength=\"400\" class=\"wpcf7-form-control wpcf7-email wpcf7-validates-as-required wpcf7-text wpcf7-validates-as-email\" id=\"email\" aria-required=\"true\" aria-invalid=\"false\" placeholder=\"E-mail *\" value=\"\" type=\"email\" name=\"email\" \/><\/span><\/div>\n\n<div class=\"margin-bottom-50\"><label for=\"link\">Pagina difettosa (link) *<\/label><span class=\"wpcf7-form-control-wrap\" data-name=\"link\"><input size=\"40\" maxlength=\"400\" class=\"wpcf7-form-control wpcf7-text wpcf7-validates-as-required\" aria-required=\"true\" aria-invalid=\"false\" placeholder=\"Pagina difettosa (link) *\" value=\"\" type=\"text\" name=\"link\" \/><\/span><\/div>\n\n\n\n<div class=\"margin-bottom-25\"><label for=\"description\">Description of the barrier or error *<\/label><span class=\"wpcf7-form-control-wrap\" data-name=\"description\"><textarea cols=\"40\" rows=\"5\" maxlength=\"2000\" class=\"wpcf7-form-control wpcf7-textarea wpcf7-validates-as-required\" id=\"description\" aria-required=\"true\" aria-invalid=\"false\" placeholder=\"Description of the barrier or error *\" name=\"description\"><\/textarea><\/span><\/div>\n\n\n<div class=\"info margin-bottom-25\">\n<span class=\"wpcf7-form-control-wrap\" data-name=\"acceptance-privacy-policy\"><span class=\"wpcf7-form-control wpcf7-acceptance\"><span class=\"wpcf7-list-item\"><label><input type=\"checkbox\" name=\"acceptance-privacy-policy\" value=\"1\" aria-invalid=\"false\" \/><span class=\"wpcf7-list-item-label\">Ho letto l'informativa sulla <a href=\"\/it\/informativa-sulla-privacy\/\" target=\"_blank\">privacy e acconsento<\/a> al trattamento dei miei dati personali in conformit\u00e0 a tali disposizioni.*<\/span><\/label><\/span><\/span><\/span> <br><span class=\"notice\">* Campi obbligatori<\/span>\n<\/div>\n\n[hcaptcha]\n\n<input class=\"wpcf7-form-control wpcf7-submit has-spinner\" type=\"submit\" value=\"Invia la richiesta\" \/><\/div><div class=\"frc-captcha \" data-sitekey=\"FCMVJU4048715J9G\" data-lang=\"it\" ><\/div>\n\t\t<noscript>You need to enable Javascript for the anti-spam check.<\/noscript><div class=\"wpcf7-response-output\" aria-hidden=\"true\"><\/div>\n<\/form>\n<\/div>\n<\/div>\n\t\t\t\t\t\t<\/div>\n\t\t\t\t<\/div>\n\t\t\t\t\t<\/div>\n\t\t\t\t<\/div>\n\t\t\t\t\t<\/div>\n\t\t\t\t<\/div>\n\t\t\t\t<\/div>\n\t\t","protected":false},"excerpt":{"rendered":"<p>Dichiarazione sull'accessibilit\u00e0Imprint Gimmi\u00ae GmbH si impegna a rendere accessibile il proprio sito web in conformit\u00e0 con l'articolo 11 (1) della legge sull'uguaglianza dei disabili (LBGG) e i requisiti di accessibilit\u00e0 ai sensi dell'articolo 13 (3) LBGG. La presente dichiarazione sull'accessibilit\u00e0 si applica www.gimmi.com Stato di compatibilit\u00e0 con i requisitiQuesto sito web \u00e8 parzialmente compatibile con [&hellip;]<\/p>\n","protected":false},"author":757,"featured_media":0,"parent":0,"menu_order":120,"comment_status":"closed","ping_status":"closed","template":"elementor_theme","meta":{"_acf_changed":false,"footnotes":""},"class_list":["post-13789","page","type-page","status-publish","hentry"],"acf":[],"yoast_head":"<!-- This site is optimized with the Yoast SEO plugin v27.2 - https:\/\/yoast.com\/product\/yoast-seo-wordpress\/ -->\n<title>Dichiarazione sull&#039;accessibilit\u00e0Imprint - Gimmi<\/title>\n<meta name=\"robots\" content=\"index, follow, max-snippet:-1, max-image-preview:large, max-video-preview:-1\" \/>\n<link rel=\"canonical\" href=\"https:\/\/www.gimmi.com\/it\/dichiarazione-sullaccessibilitaimprint\/\" \/>\n<meta property=\"og:locale\" content=\"it_IT\" \/>\n<meta property=\"og:type\" content=\"article\" \/>\n<meta property=\"og:title\" content=\"Dichiarazione sull&#039;accessibilit\u00e0Imprint - Gimmi\" \/>\n<meta property=\"og:description\" content=\"Dichiarazione sull&#039;accessibilit\u00e0Imprint Gimmi\u00ae GmbH si impegna a rendere accessibile il proprio sito web in conformit\u00e0 con l&#039;articolo 11 (1) della legge sull&#039;uguaglianza dei disabili (LBGG) e i requisiti di accessibilit\u00e0 ai sensi dell&#039;articolo 13 (3) LBGG. La presente dichiarazione sull&#039;accessibilit\u00e0 si applica www.gimmi.com Stato di compatibilit\u00e0 con i requisitiQuesto sito web \u00e8 parzialmente compatibile con [&hellip;]\" \/>\n<meta property=\"og:url\" content=\"https:\/\/www.gimmi.com\/it\/dichiarazione-sullaccessibilitaimprint\/\" \/>\n<meta property=\"og:site_name\" content=\"Gimmi\" \/>\n<meta property=\"article:publisher\" content=\"https:\/\/www.facebook.com\/gimmigmbh\" \/>\n<meta property=\"article:modified_time\" content=\"2024-12-12T10:25:29+00:00\" \/>\n<meta name=\"twitter:card\" content=\"summary_large_image\" \/>\n<meta name=\"twitter:label1\" content=\"Tempo di lettura stimato\" \/>\n\t<meta name=\"twitter:data1\" content=\"1 minuto\" \/>\n<script type=\"application\/ld+json\" class=\"yoast-schema-graph\">{\"@context\":\"https:\/\/schema.org\",\"@graph\":[{\"@type\":\"WebPage\",\"@id\":\"https:\/\/www.gimmi.com\/it\/dichiarazione-sullaccessibilitaimprint\/\",\"url\":\"https:\/\/www.gimmi.com\/it\/dichiarazione-sullaccessibilitaimprint\/\",\"name\":\"Dichiarazione sull'accessibilit\u00e0Imprint - Gimmi\",\"isPartOf\":{\"@id\":\"https:\/\/www.gimmi.com\/it\/#website\"},\"datePublished\":\"2024-11-29T15:41:05+00:00\",\"dateModified\":\"2024-12-12T10:25:29+00:00\",\"breadcrumb\":{\"@id\":\"https:\/\/www.gimmi.com\/it\/dichiarazione-sullaccessibilitaimprint\/#breadcrumb\"},\"inLanguage\":\"it-IT\",\"potentialAction\":[{\"@type\":\"ReadAction\",\"target\":[\"https:\/\/www.gimmi.com\/it\/dichiarazione-sullaccessibilitaimprint\/\"]}]},{\"@type\":\"BreadcrumbList\",\"@id\":\"https:\/\/www.gimmi.com\/it\/dichiarazione-sullaccessibilitaimprint\/#breadcrumb\",\"itemListElement\":[{\"@type\":\"ListItem\",\"position\":1,\"name\":\"Home\",\"item\":\"https:\/\/www.gimmi.com\/it\/home\/\"},{\"@type\":\"ListItem\",\"position\":2,\"name\":\"Dichiarazione sull&#8217;accessibilit\u00e0Imprint\"}]},{\"@type\":\"WebSite\",\"@id\":\"https:\/\/www.gimmi.com\/it\/#website\",\"url\":\"https:\/\/www.gimmi.com\/it\/\",\"name\":\"Gimmi GmbH\",\"description\":\"Medizintechnik\",\"publisher\":{\"@id\":\"https:\/\/www.gimmi.com\/it\/#organization\"},\"potentialAction\":[{\"@type\":\"SearchAction\",\"target\":{\"@type\":\"EntryPoint\",\"urlTemplate\":\"https:\/\/www.gimmi.com\/it\/?s={search_term_string}\"},\"query-input\":{\"@type\":\"PropertyValueSpecification\",\"valueRequired\":true,\"valueName\":\"search_term_string\"}}],\"inLanguage\":\"it-IT\"},{\"@type\":\"Organization\",\"@id\":\"https:\/\/www.gimmi.com\/it\/#organization\",\"name\":\"Gimmi GmbH\",\"url\":\"https:\/\/www.gimmi.com\/it\/\",\"logo\":{\"@type\":\"ImageObject\",\"inLanguage\":\"it-IT\",\"@id\":\"https:\/\/www.gimmi.com\/it\/#\/schema\/logo\/image\/\",\"url\":\"https:\/\/www.gimmi.com\/wp-content\/uploads\/2021\/08\/gimmi-logo-claim.svg\",\"contentUrl\":\"https:\/\/www.gimmi.com\/wp-content\/uploads\/2021\/08\/gimmi-logo-claim.svg\",\"width\":263,\"height\":50,\"caption\":\"Gimmi GmbH\"},\"image\":{\"@id\":\"https:\/\/www.gimmi.com\/it\/#\/schema\/logo\/image\/\"},\"sameAs\":[\"https:\/\/www.facebook.com\/gimmigmbh\",\"https:\/\/www.youtube.com\/@GimmiGmbH\"]}]}<\/script>\n<!-- \/ Yoast SEO plugin. -->","yoast_head_json":{"title":"Dichiarazione sull'accessibilit\u00e0Imprint - Gimmi","robots":{"index":"index","follow":"follow","max-snippet":"max-snippet:-1","max-image-preview":"max-image-preview:large","max-video-preview":"max-video-preview:-1"},"canonical":"https:\/\/www.gimmi.com\/it\/dichiarazione-sullaccessibilitaimprint\/","og_locale":"it_IT","og_type":"article","og_title":"Dichiarazione sull'accessibilit\u00e0Imprint - Gimmi","og_description":"Dichiarazione sull'accessibilit\u00e0Imprint Gimmi\u00ae GmbH si impegna a rendere accessibile il proprio sito web in conformit\u00e0 con l'articolo 11 (1) della legge sull'uguaglianza dei disabili (LBGG) e i requisiti di accessibilit\u00e0 ai sensi dell'articolo 13 (3) LBGG. La presente dichiarazione sull'accessibilit\u00e0 si applica www.gimmi.com Stato di compatibilit\u00e0 con i requisitiQuesto sito web \u00e8 parzialmente compatibile con [&hellip;]","og_url":"https:\/\/www.gimmi.com\/it\/dichiarazione-sullaccessibilitaimprint\/","og_site_name":"Gimmi","article_publisher":"https:\/\/www.facebook.com\/gimmigmbh","article_modified_time":"2024-12-12T10:25:29+00:00","twitter_card":"summary_large_image","twitter_misc":{"Tempo di lettura stimato":"1 minuto"},"schema":{"@context":"https:\/\/schema.org","@graph":[{"@type":"WebPage","@id":"https:\/\/www.gimmi.com\/it\/dichiarazione-sullaccessibilitaimprint\/","url":"https:\/\/www.gimmi.com\/it\/dichiarazione-sullaccessibilitaimprint\/","name":"Dichiarazione sull'accessibilit\u00e0Imprint - Gimmi","isPartOf":{"@id":"https:\/\/www.gimmi.com\/it\/#website"},"datePublished":"2024-11-29T15:41:05+00:00","dateModified":"2024-12-12T10:25:29+00:00","breadcrumb":{"@id":"https:\/\/www.gimmi.com\/it\/dichiarazione-sullaccessibilitaimprint\/#breadcrumb"},"inLanguage":"it-IT","potentialAction":[{"@type":"ReadAction","target":["https:\/\/www.gimmi.com\/it\/dichiarazione-sullaccessibilitaimprint\/"]}]},{"@type":"BreadcrumbList","@id":"https:\/\/www.gimmi.com\/it\/dichiarazione-sullaccessibilitaimprint\/#breadcrumb","itemListElement":[{"@type":"ListItem","position":1,"name":"Home","item":"https:\/\/www.gimmi.com\/it\/home\/"},{"@type":"ListItem","position":2,"name":"Dichiarazione sull&#8217;accessibilit\u00e0Imprint"}]},{"@type":"WebSite","@id":"https:\/\/www.gimmi.com\/it\/#website","url":"https:\/\/www.gimmi.com\/it\/","name":"Gimmi GmbH","description":"Medizintechnik","publisher":{"@id":"https:\/\/www.gimmi.com\/it\/#organization"},"potentialAction":[{"@type":"SearchAction","target":{"@type":"EntryPoint","urlTemplate":"https:\/\/www.gimmi.com\/it\/?s={search_term_string}"},"query-input":{"@type":"PropertyValueSpecification","valueRequired":true,"valueName":"search_term_string"}}],"inLanguage":"it-IT"},{"@type":"Organization","@id":"https:\/\/www.gimmi.com\/it\/#organization","name":"Gimmi GmbH","url":"https:\/\/www.gimmi.com\/it\/","logo":{"@type":"ImageObject","inLanguage":"it-IT","@id":"https:\/\/www.gimmi.com\/it\/#\/schema\/logo\/image\/","url":"https:\/\/www.gimmi.com\/wp-content\/uploads\/2021\/08\/gimmi-logo-claim.svg","contentUrl":"https:\/\/www.gimmi.com\/wp-content\/uploads\/2021\/08\/gimmi-logo-claim.svg","width":263,"height":50,"caption":"Gimmi GmbH"},"image":{"@id":"https:\/\/www.gimmi.com\/it\/#\/schema\/logo\/image\/"},"sameAs":["https:\/\/www.facebook.com\/gimmigmbh","https:\/\/www.youtube.com\/@GimmiGmbH"]}]}},"_links":{"self":[{"href":"https:\/\/www.gimmi.com\/it\/wp-json\/wp\/v2\/pages\/13789","targetHints":{"allow":["GET"]}}],"collection":[{"href":"https:\/\/www.gimmi.com\/it\/wp-json\/wp\/v2\/pages"}],"about":[{"href":"https:\/\/www.gimmi.com\/it\/wp-json\/wp\/v2\/types\/page"}],"author":[{"embeddable":true,"href":"https:\/\/www.gimmi.com\/it\/wp-json\/wp\/v2\/users\/757"}],"replies":[{"embeddable":true,"href":"https:\/\/www.gimmi.com\/it\/wp-json\/wp\/v2\/comments?post=13789"}],"version-history":[{"count":0,"href":"https:\/\/www.gimmi.com\/it\/wp-json\/wp\/v2\/pages\/13789\/revisions"}],"wp:attachment":[{"href":"https:\/\/www.gimmi.com\/it\/wp-json\/wp\/v2\/media?parent=13789"}],"curies":[{"name":"wp","href":"https:\/\/api.w.org\/{rel}","templated":true}]}}