{"id":12487,"date":"2021-08-02T10:28:36","date_gmt":"2021-08-02T08:28:36","guid":{"rendered":"https:\/\/www.gimmi.com\/imprint\/"},"modified":"2025-12-12T17:37:10","modified_gmt":"2025-12-12T16:37:10","slug":"imprint","status":"publish","type":"page","link":"https:\/\/www.gimmi.com\/it\/imprint\/","title":{"rendered":"Imprint"},"content":{"rendered":"\t\t<div data-elementor-type=\"wp-page\" data-elementor-id=\"12487\" class=\"elementor elementor-12487 elementor-8\" data-elementor-post-type=\"page\">\n\t\t\t\t<div class=\"elementor-element elementor-element-48469c0 e-flex e-con-boxed e-con e-parent\" data-id=\"48469c0\" data-element_type=\"container\" data-e-type=\"container\" id=\"start-other\" data-settings=\"{&quot;background_background&quot;:&quot;classic&quot;}\">\n\t\t\t\t\t<div class=\"e-con-inner\">\n\t\t\t\t\t<\/div>\n\t\t\t\t<\/div>\n\t\t<div class=\"elementor-element elementor-element-794c18f padding-top-25 padding-bottom-200 e-flex e-con-boxed e-con e-parent\" data-id=\"794c18f\" data-element_type=\"container\" data-e-type=\"container\" data-settings=\"{&quot;background_background&quot;:&quot;classic&quot;}\">\n\t\t\t\t\t<div class=\"e-con-inner\">\n\t\t\t\t<div class=\"elementor-element elementor-element-03e0828 margin-bottom-150 elementor-widget elementor-widget-breadcrumbs\" data-id=\"03e0828\" data-element_type=\"widget\" data-e-type=\"widget\" data-widget_type=\"breadcrumbs.default\">\n\t\t\t\t<div class=\"elementor-widget-container\">\n\t\t\t\t\t<p id=\"breadcrumbs\"><span><span><a href=\"https:\/\/www.gimmi.com\/it\/home\/\">Home<\/a><\/span><\/span><\/p>\t\t\t\t<\/div>\n\t\t\t\t<\/div>\n\t\t<div class=\"elementor-element elementor-element-22a712b e-flex e-con-boxed e-con e-child\" data-id=\"22a712b\" data-element_type=\"container\" data-e-type=\"container\">\n\t\t\t\t\t<div class=\"e-con-inner\">\n\t\t<div class=\"elementor-element elementor-element-3f64043 margin-bottom-100  e-con-full e-flex e-con e-child\" data-id=\"3f64043\" data-element_type=\"container\" data-e-type=\"container\">\n\t\t\t\t<div class=\"elementor-element elementor-element-b5fb315 underline padding-bottom-25 elementor-widget__width-initial elementor-widget-mobile__width-inherit elementor-widget-tablet__width-inherit elementor-widget elementor-widget-heading\" data-id=\"b5fb315\" data-element_type=\"widget\" data-e-type=\"widget\" data-widget_type=\"heading.default\">\n\t\t\t\t<div class=\"elementor-widget-container\">\n\t\t\t\t\t<h1 class=\"elementor-heading-title elementor-size-default\">Imprint<\/h1>\t\t\t\t<\/div>\n\t\t\t\t<\/div>\n\t\t\t\t<div class=\"elementor-element elementor-element-8bb7780 headline-trenner elementor-widget-divider--view-line elementor-widget elementor-widget-divider\" data-id=\"8bb7780\" data-element_type=\"widget\" data-e-type=\"widget\" data-widget_type=\"divider.default\">\n\t\t\t\t<div class=\"elementor-widget-container\">\n\t\t\t\t\t\t\t<div class=\"elementor-divider\">\n\t\t\t<span class=\"elementor-divider-separator\">\n\t\t\t\t\t\t<\/span>\n\t\t<\/div>\n\t\t\t\t\t\t<\/div>\n\t\t\t\t<\/div>\n\t\t\t\t<\/div>\n\t\t\t\t<div class=\"elementor-element elementor-element-d6a68dd elementor-widget__width-inherit elementor-widget-mobile__width-inherit elementor-widget elementor-widget-text-editor\" data-id=\"d6a68dd\" data-element_type=\"widget\" data-e-type=\"widget\" data-widget_type=\"text-editor.default\">\n\t\t\t\t<div class=\"elementor-widget-container\">\n\t\t\t\t\t\t\t\t\t<p><strong>Gimmi<sup>\u00ae<\/sup> GmbH<\/strong><br \/>Carl-Zeiss-Strasse 6<br \/>78532 Tuttlingen<br \/>Germania<\/p><p>Registro commerciale: District Court of Stuttgart HRB 450213<br \/>WEEE number: DE90303250<br \/>VAT: DE 142940512<br \/>Phone: <a href=\"tel:00497461965900\">+49 7461 965900<\/a><br \/>Fax: +49 7461 9659033<br \/>Mail: <a href=\"mailto:contact@gimmi.com\">contact@gimmi.com<\/a><\/p><p>Chief Executive Officer<br \/>Jaime Cervantes Covarrubias <\/p>\t\t\t\t\t\t\t\t<\/div>\n\t\t\t\t<\/div>\n\t\t\t\t<div class=\"elementor-element elementor-element-83f3d6f elementor-widget__width-inherit elementor-widget-mobile__width-inherit elementor-widget elementor-widget-text-editor\" data-id=\"83f3d6f\" data-element_type=\"widget\" data-e-type=\"widget\" data-widget_type=\"text-editor.default\">\n\t\t\t\t<div class=\"elementor-widget-container\">\n\t\t\t\t\t\t\t\t\t<p><strong>Contenuti<\/strong><br \/>I contenuti, le informazioni, i documenti e le immagini presenti su questa homepage sono stati accuratamente esaminati. Hanno una funzione puramente informativa e non vincolante, in particolare sui servizi di Gimmi<sup>\u00ae<\/sup>. La loro disponibilit\u00e0 non costituisce un&#8217;offerta contrattuale, un&#8217;assicurazione di propriet\u00e0 o una garanzia. Il loro utilizzo per scopi commerciali o come base per decisioni commerciali o mediche non \u00e8 consentito senza un accordo scritto separato. Nel caso in cui nelle informazioni presenti sulla nostra homepage o richiedibili siano presenti affermazioni di carattere medico, ad esempio sull&#8217;uso di determinati metodi o procedure chirurgiche, \u00e8 sempre necessario verificarne preventivamente la conformit\u00e0 con lo stato attuale e riconosciuto delle conoscenze scientifiche, ad esempio sulla base della letteratura scientifica pi\u00f9 recente.    <\/p>\n\t\t\t\t\t\t\t\t<\/div>\n\t\t\t\t<\/div>\n\t\t\t\t<div class=\"elementor-element elementor-element-d921818 elementor-widget__width-inherit elementor-widget-mobile__width-inherit elementor-widget elementor-widget-text-editor\" data-id=\"d921818\" data-element_type=\"widget\" data-e-type=\"widget\" data-widget_type=\"text-editor.default\">\n\t\t\t\t<div class=\"elementor-widget-container\">\n\t\t\t\t\t\t\t\t\t<p><strong>Condizioni di utilizzo<\/strong><br \/>L&#8217;accesso al sito web e il suo uso si basano esclusivamente sulle normative vigenti e sulle condizioni di utilizzo. In caso di disaccordo, evitare di utilizzare il sito. Questo sito web \u00e8 stato creato da Gimmi<sup>\u00ae<\/sup> GmbH e viene costantemente aggiornato e sviluppato. Ci riserviamo il diritto, a nostra discrezione, di modificare in tutto o in parte il contenuto del sito web e le condizioni generali di utilizzo in qualsiasi momento e senza preavviso e di interrompere in modo permanente o temporaneo il suo funzionamento in tutto o in parte. Per l&#8217;accesso al sito web e per il suo utilizzo valgono pertanto le condizioni attuali.    <\/p>\n\t\t\t\t\t\t\t\t<\/div>\n\t\t\t\t<\/div>\n\t\t\t\t<div class=\"elementor-element elementor-element-593f9a2 elementor-widget__width-inherit elementor-widget-mobile__width-inherit elementor-widget elementor-widget-text-editor\" data-id=\"593f9a2\" data-element_type=\"widget\" data-e-type=\"widget\" data-widget_type=\"text-editor.default\">\n\t\t\t\t<div class=\"elementor-widget-container\">\n\t\t\t\t\t\t\t\t\t<p><strong>\u00a9 Copyright Gimmi<sup>\u00ae<\/sup> GmbH, Tuttlingen<\/strong><br \/>Tutte le illustrazioni, le descrizioni dei prodotti e i testi sono propriet\u00e0 intellettuale di Gimmi<sup>\u00ae<\/sup> GmbH.<br \/>L&#8217;ulteriore utilizzo e la duplicazione a favore di o da parte di terzi richiedono un&#8217;esplicita autorizzazione.<br \/>Gimmi<sup>\u00ae<\/sup> GmbH si riserva tutti i diritti.<\/p>\n\t\t\t\t\t\t\t\t<\/div>\n\t\t\t\t<\/div>\n\t\t\t\t<div class=\"elementor-element elementor-element-c61ca69 elementor-widget__width-inherit elementor-widget-mobile__width-inherit elementor-widget elementor-widget-text-editor\" data-id=\"c61ca69\" data-element_type=\"widget\" data-e-type=\"widget\" data-widget_type=\"text-editor.default\">\n\t\t\t\t<div class=\"elementor-widget-container\">\n\t\t\t\t\t\t\t\t\t<p><strong>Marchi e loghi<\/strong><br \/>Tutti i nomi dei prodotti e i loghi sono marchi registrati di Gimmi<sup>\u00ae<\/sup> GmbH, delle sue societ\u00e0 affiliate, dei suoi licenziatari o partner commerciali. \u00c8 espressamente vietato l&#8217;uso di questi marchi protetti o di altro materiale in assenza di un consenso scritto. Qualsiasi uso non autorizzato pu\u00f2 costituire una violazione dei diritti d&#8217;autore, dei diritti di marchio e di altri diritti di propriet\u00e0 di Gimmi<sup>\u00ae<\/sup>.  <\/p>\n\t\t\t\t\t\t\t\t<\/div>\n\t\t\t\t<\/div>\n\t\t\t\t<div class=\"elementor-element elementor-element-f09543f elementor-widget__width-inherit elementor-widget-mobile__width-inherit elementor-widget elementor-widget-text-editor\" data-id=\"f09543f\" data-element_type=\"widget\" data-e-type=\"widget\" data-widget_type=\"text-editor.default\">\n\t\t\t\t<div class=\"elementor-widget-container\">\n\t\t\t\t\t\t\t\t\t<p><strong>Collegamenti<\/strong><br \/>Qualsiasi collegamento da parte di terzi al nostro sito web richiede il consenso scritto di Gimmi<sup>\u00ae<\/sup> GmbH.<\/p>\n\t\t\t\t\t\t\t\t<\/div>\n\t\t\t\t<\/div>\n\t\t\t\t<div class=\"elementor-element elementor-element-f6163ce elementor-widget__width-inherit elementor-widget-mobile__width-inherit elementor-widget elementor-widget-text-editor\" data-id=\"f6163ce\" data-element_type=\"widget\" data-e-type=\"widget\" data-widget_type=\"text-editor.default\">\n\t\t\t\t<div class=\"elementor-widget-container\">\n\t\t\t\t\t\t\t\t\t<p><strong>Rischio proprio e protezione antivirus<\/strong><br \/>L&#8217;utente si assume totalmente il rischio di utilizzare questo sito web e l&#8217;offerta internet di Gimmi<sup>\u00ae<\/sup>. \u00c8 nell&#8217;interesse dell&#8217;utente adottare misure di protezione antivirus adeguate. <\/p>\n\t\t\t\t\t\t\t\t<\/div>\n\t\t\t\t<\/div>\n\t\t\t\t<div class=\"elementor-element elementor-element-b5fe8d4 elementor-widget__width-inherit elementor-widget-mobile__width-inherit elementor-widget elementor-widget-text-editor\" data-id=\"b5fe8d4\" data-element_type=\"widget\" data-e-type=\"widget\" data-widget_type=\"text-editor.default\">\n\t\t\t\t<div class=\"elementor-widget-container\">\n\t\t\t\t\t\t\t\t\t<p><strong>Siti di terzi e collegamenti ipertestuali<\/strong><br \/>Questo sito web contiene link isolati o riferimenti a siti web di terzi. La selezione \u00e8 stata effettuata in base alla homepage disponibile al momento del collegamento. Non \u00e8 possibile prevenire eventuali contenuti indesiderati, ad esempio illegali, o modifiche successive presenti in siti web di livello inferiore. Pertanto, i collegamenti ipertestuali a siti web di terzi non costituiscono un&#8217;approvazione dei contenuti di terzi da parte di Gimmi<sup>\u00ae<\/sup>, n\u00e9 Gimmi<sup>\u00ae<\/sup> pu\u00f2 assumersi la responsabilit\u00e0 per la disponibilit\u00e0 o il contenuto di tali siti web. I collegamenti ipertestuali ad altri siti web sono forniti solo per comodit\u00e0.    <\/p>\n\t\t\t\t\t\t\t\t<\/div>\n\t\t\t\t<\/div>\n\t\t\t\t<div class=\"elementor-element elementor-element-ad7909f elementor-widget__width-inherit elementor-widget-mobile__width-inherit elementor-widget elementor-widget-text-editor\" data-id=\"ad7909f\" data-element_type=\"widget\" data-e-type=\"widget\" data-widget_type=\"text-editor.default\">\n\t\t\t\t<div class=\"elementor-widget-container\">\n\t\t\t\t\t\t\t\t\t<p><strong>Legge applicabile\/giurisdizione competente<\/strong><br \/>A termini e condizioni e all&#8217;intero rapporto giuridico si applica il diritto della Repubblica Federale di Germania. Nella misura consentita dalla legge, Tuttlingen \u00e8 il foro competente esclusivo per tutte le controversie che sorgono direttamente o indirettamente. <\/p>\n\t\t\t\t\t\t\t\t<\/div>\n\t\t\t\t<\/div>\n\t\t\t\t<div class=\"elementor-element elementor-element-375c1c3 elementor-widget__width-inherit elementor-widget-mobile__width-inherit elementor-widget elementor-widget-text-editor\" data-id=\"375c1c3\" data-element_type=\"widget\" data-e-type=\"widget\" data-widget_type=\"text-editor.default\">\n\t\t\t\t<div class=\"elementor-widget-container\">\n\t\t\t\t\t\t\t\t\t<p><strong>Responsabilit\u00e0<\/strong><br \/>I contenuti del sito web e le informazioni da ottenere sono stati redatti con estrema cura. Tuttavia, hanno una funzione puramente informativa, non vincolante, e di presentazione dell&#8217;azienda e dei prodotti Gimmi<sup>\u00ae<\/sup>. Gimmi<sup>\u00ae<\/sup> GmbH non garantisce la completezza e la correttezza delle illustrazioni. Inoltre, le informazioni contenute in questo sito web non sostituiscono l&#8217;attenta lettura delle informazioni sul prodotto e delle istruzioni per l&#8217;uso e la sicurezza aggiornate che accompagnano il prodotto acquistato. I contenuti di questo sito web non costituiscono inoltre una garanzia dell&#8217;idoneit\u00e0 dei prodotti per applicazioni specifiche. Nella misura in cui possano sorgere reclami correlati all&#8217;offerta Internet o alle informazioni ottenute da Gimmi<sup>\u00ae<\/sup>, la responsabilit\u00e0 di Gimmi<sup>\u00ae<\/sup> \u00e8 limitata al dolo e alla negligenza grave.     <\/p>\n\t\t\t\t\t\t\t\t<\/div>\n\t\t\t\t<\/div>\n\t\t\t\t<div class=\"elementor-element elementor-element-61bae5a elementor-widget__width-inherit elementor-widget-mobile__width-inherit elementor-widget elementor-widget-text-editor\" data-id=\"61bae5a\" data-element_type=\"widget\" data-e-type=\"widget\" data-widget_type=\"text-editor.default\">\n\t\t\t\t<div class=\"elementor-widget-container\">\n\t\t\t\t\t\t\t\t\t<p><strong>Informazioni per i clienti<\/strong><br \/>L&#8217;utente si assume la responsabilit\u00e0 del contenuto e dell&#8217;accuratezza delle informazioni trasmesse a Gimmi<sup>\u00ae<\/sup> GmbH e garantisce che i diritti di terzi non siano violati dalla loro trasmissione e dal loro utilizzo da parte di Gimmi<sup>\u00ae<\/sup>. L&#8217;utente accetta che Gimmi<sup>\u00ae<\/sup> possa memorizzare queste informazioni e utilizzarle per scopi commerciali, a condizione che non si tratti di dati personali. <\/p>\n\t\t\t\t\t\t\t\t<\/div>\n\t\t\t\t<\/div>\n\t\t\t\t\t<\/div>\n\t\t\t\t<\/div>\n\t\t\t\t\t<\/div>\n\t\t\t\t<\/div>\n\t\t\t\t<\/div>\n\t\t","protected":false},"excerpt":{"rendered":"<p>Imprint Gimmi\u00ae GmbHCarl-Zeiss-Strasse 678532 TuttlingenGermania Registro commerciale: District Court of Stuttgart HRB 450213WEEE number: DE90303250VAT: DE 142940512Phone: +49 7461 965900Fax: +49 7461 9659033Mail: contact@gimmi.com Chief Executive OfficerJaime Cervantes Covarrubias ContenutiI contenuti, le informazioni, i documenti e le immagini presenti su questa homepage sono stati accuratamente esaminati. Hanno una funzione puramente informativa e non vincolante, in [&hellip;]<\/p>\n","protected":false},"author":1,"featured_media":0,"parent":0,"menu_order":120,"comment_status":"closed","ping_status":"closed","template":"elementor_theme","meta":{"_acf_changed":false,"footnotes":""},"class_list":["post-12487","page","type-page","status-publish","hentry"],"acf":[],"yoast_head":"<!-- This site is optimized with the Yoast SEO plugin v27.2 - https:\/\/yoast.com\/product\/yoast-seo-wordpress\/ -->\n<title>Imprint - Gimmi<\/title>\n<meta name=\"robots\" content=\"index, follow, max-snippet:-1, max-image-preview:large, max-video-preview:-1\" \/>\n<link rel=\"canonical\" href=\"https:\/\/www.gimmi.com\/it\/imprint\/\" \/>\n<meta property=\"og:locale\" content=\"it_IT\" \/>\n<meta property=\"og:type\" content=\"article\" \/>\n<meta property=\"og:title\" content=\"Imprint - Gimmi\" \/>\n<meta property=\"og:description\" content=\"Imprint Gimmi\u00ae GmbHCarl-Zeiss-Strasse 678532 TuttlingenGermania Registro commerciale: District Court of Stuttgart HRB 450213WEEE number: DE90303250VAT: DE 142940512Phone: +49 7461 965900Fax: +49 7461 9659033Mail: contact@gimmi.com Chief Executive OfficerJaime Cervantes Covarrubias ContenutiI contenuti, le informazioni, i documenti e le immagini presenti su questa homepage sono stati accuratamente esaminati. Hanno una funzione puramente informativa e non vincolante, in [&hellip;]\" \/>\n<meta property=\"og:url\" content=\"https:\/\/www.gimmi.com\/it\/imprint\/\" \/>\n<meta property=\"og:site_name\" content=\"Gimmi\" \/>\n<meta property=\"article:publisher\" content=\"https:\/\/www.facebook.com\/gimmigmbh\" \/>\n<meta property=\"article:modified_time\" content=\"2025-12-12T16:37:10+00:00\" \/>\n<meta name=\"twitter:card\" content=\"summary_large_image\" \/>\n<meta name=\"twitter:label1\" content=\"Tempo di lettura stimato\" \/>\n\t<meta name=\"twitter:data1\" content=\"5 minuti\" \/>\n<script type=\"application\/ld+json\" class=\"yoast-schema-graph\">{\"@context\":\"https:\/\/schema.org\",\"@graph\":[{\"@type\":\"WebPage\",\"@id\":\"https:\/\/www.gimmi.com\/it\/imprint\/\",\"url\":\"https:\/\/www.gimmi.com\/it\/imprint\/\",\"name\":\"Imprint - Gimmi\",\"isPartOf\":{\"@id\":\"https:\/\/www.gimmi.com\/it\/#website\"},\"datePublished\":\"2021-08-02T08:28:36+00:00\",\"dateModified\":\"2025-12-12T16:37:10+00:00\",\"breadcrumb\":{\"@id\":\"https:\/\/www.gimmi.com\/it\/imprint\/#breadcrumb\"},\"inLanguage\":\"it-IT\",\"potentialAction\":[{\"@type\":\"ReadAction\",\"target\":[\"https:\/\/www.gimmi.com\/it\/imprint\/\"]}]},{\"@type\":\"BreadcrumbList\",\"@id\":\"https:\/\/www.gimmi.com\/it\/imprint\/#breadcrumb\",\"itemListElement\":[{\"@type\":\"ListItem\",\"position\":1,\"name\":\"Home\",\"item\":\"https:\/\/www.gimmi.com\/it\/home\/\"},{\"@type\":\"ListItem\",\"position\":2,\"name\":\"Imprint\"}]},{\"@type\":\"WebSite\",\"@id\":\"https:\/\/www.gimmi.com\/it\/#website\",\"url\":\"https:\/\/www.gimmi.com\/it\/\",\"name\":\"Gimmi GmbH\",\"description\":\"Medizintechnik\",\"publisher\":{\"@id\":\"https:\/\/www.gimmi.com\/it\/#organization\"},\"potentialAction\":[{\"@type\":\"SearchAction\",\"target\":{\"@type\":\"EntryPoint\",\"urlTemplate\":\"https:\/\/www.gimmi.com\/it\/?s={search_term_string}\"},\"query-input\":{\"@type\":\"PropertyValueSpecification\",\"valueRequired\":true,\"valueName\":\"search_term_string\"}}],\"inLanguage\":\"it-IT\"},{\"@type\":\"Organization\",\"@id\":\"https:\/\/www.gimmi.com\/it\/#organization\",\"name\":\"Gimmi GmbH\",\"url\":\"https:\/\/www.gimmi.com\/it\/\",\"logo\":{\"@type\":\"ImageObject\",\"inLanguage\":\"it-IT\",\"@id\":\"https:\/\/www.gimmi.com\/it\/#\/schema\/logo\/image\/\",\"url\":\"https:\/\/www.gimmi.com\/wp-content\/uploads\/2021\/08\/gimmi-logo-claim.svg\",\"contentUrl\":\"https:\/\/www.gimmi.com\/wp-content\/uploads\/2021\/08\/gimmi-logo-claim.svg\",\"width\":263,\"height\":50,\"caption\":\"Gimmi GmbH\"},\"image\":{\"@id\":\"https:\/\/www.gimmi.com\/it\/#\/schema\/logo\/image\/\"},\"sameAs\":[\"https:\/\/www.facebook.com\/gimmigmbh\",\"https:\/\/www.youtube.com\/@GimmiGmbH\"]}]}<\/script>\n<!-- \/ Yoast SEO plugin. -->","yoast_head_json":{"title":"Imprint - Gimmi","robots":{"index":"index","follow":"follow","max-snippet":"max-snippet:-1","max-image-preview":"max-image-preview:large","max-video-preview":"max-video-preview:-1"},"canonical":"https:\/\/www.gimmi.com\/it\/imprint\/","og_locale":"it_IT","og_type":"article","og_title":"Imprint - Gimmi","og_description":"Imprint Gimmi\u00ae GmbHCarl-Zeiss-Strasse 678532 TuttlingenGermania Registro commerciale: District Court of Stuttgart HRB 450213WEEE number: DE90303250VAT: DE 142940512Phone: +49 7461 965900Fax: +49 7461 9659033Mail: contact@gimmi.com Chief Executive OfficerJaime Cervantes Covarrubias ContenutiI contenuti, le informazioni, i documenti e le immagini presenti su questa homepage sono stati accuratamente esaminati. Hanno una funzione puramente informativa e non vincolante, in [&hellip;]","og_url":"https:\/\/www.gimmi.com\/it\/imprint\/","og_site_name":"Gimmi","article_publisher":"https:\/\/www.facebook.com\/gimmigmbh","article_modified_time":"2025-12-12T16:37:10+00:00","twitter_card":"summary_large_image","twitter_misc":{"Tempo di lettura stimato":"5 minuti"},"schema":{"@context":"https:\/\/schema.org","@graph":[{"@type":"WebPage","@id":"https:\/\/www.gimmi.com\/it\/imprint\/","url":"https:\/\/www.gimmi.com\/it\/imprint\/","name":"Imprint - Gimmi","isPartOf":{"@id":"https:\/\/www.gimmi.com\/it\/#website"},"datePublished":"2021-08-02T08:28:36+00:00","dateModified":"2025-12-12T16:37:10+00:00","breadcrumb":{"@id":"https:\/\/www.gimmi.com\/it\/imprint\/#breadcrumb"},"inLanguage":"it-IT","potentialAction":[{"@type":"ReadAction","target":["https:\/\/www.gimmi.com\/it\/imprint\/"]}]},{"@type":"BreadcrumbList","@id":"https:\/\/www.gimmi.com\/it\/imprint\/#breadcrumb","itemListElement":[{"@type":"ListItem","position":1,"name":"Home","item":"https:\/\/www.gimmi.com\/it\/home\/"},{"@type":"ListItem","position":2,"name":"Imprint"}]},{"@type":"WebSite","@id":"https:\/\/www.gimmi.com\/it\/#website","url":"https:\/\/www.gimmi.com\/it\/","name":"Gimmi GmbH","description":"Medizintechnik","publisher":{"@id":"https:\/\/www.gimmi.com\/it\/#organization"},"potentialAction":[{"@type":"SearchAction","target":{"@type":"EntryPoint","urlTemplate":"https:\/\/www.gimmi.com\/it\/?s={search_term_string}"},"query-input":{"@type":"PropertyValueSpecification","valueRequired":true,"valueName":"search_term_string"}}],"inLanguage":"it-IT"},{"@type":"Organization","@id":"https:\/\/www.gimmi.com\/it\/#organization","name":"Gimmi GmbH","url":"https:\/\/www.gimmi.com\/it\/","logo":{"@type":"ImageObject","inLanguage":"it-IT","@id":"https:\/\/www.gimmi.com\/it\/#\/schema\/logo\/image\/","url":"https:\/\/www.gimmi.com\/wp-content\/uploads\/2021\/08\/gimmi-logo-claim.svg","contentUrl":"https:\/\/www.gimmi.com\/wp-content\/uploads\/2021\/08\/gimmi-logo-claim.svg","width":263,"height":50,"caption":"Gimmi GmbH"},"image":{"@id":"https:\/\/www.gimmi.com\/it\/#\/schema\/logo\/image\/"},"sameAs":["https:\/\/www.facebook.com\/gimmigmbh","https:\/\/www.youtube.com\/@GimmiGmbH"]}]}},"_links":{"self":[{"href":"https:\/\/www.gimmi.com\/it\/wp-json\/wp\/v2\/pages\/12487","targetHints":{"allow":["GET"]}}],"collection":[{"href":"https:\/\/www.gimmi.com\/it\/wp-json\/wp\/v2\/pages"}],"about":[{"href":"https:\/\/www.gimmi.com\/it\/wp-json\/wp\/v2\/types\/page"}],"author":[{"embeddable":true,"href":"https:\/\/www.gimmi.com\/it\/wp-json\/wp\/v2\/users\/1"}],"replies":[{"embeddable":true,"href":"https:\/\/www.gimmi.com\/it\/wp-json\/wp\/v2\/comments?post=12487"}],"version-history":[{"count":3,"href":"https:\/\/www.gimmi.com\/it\/wp-json\/wp\/v2\/pages\/12487\/revisions"}],"predecessor-version":[{"id":27070,"href":"https:\/\/www.gimmi.com\/it\/wp-json\/wp\/v2\/pages\/12487\/revisions\/27070"}],"wp:attachment":[{"href":"https:\/\/www.gimmi.com\/it\/wp-json\/wp\/v2\/media?parent=12487"}],"curies":[{"name":"wp","href":"https:\/\/api.w.org\/{rel}","templated":true}]}}