{"id":13788,"date":"2024-11-29T16:41:05","date_gmt":"2024-11-29T15:41:05","guid":{"rendered":"https:\/\/www.gimmi.com\/?page_id=13788"},"modified":"2024-12-12T11:25:00","modified_gmt":"2024-12-12T10:25:00","slug":"declaration-daccessibilite","status":"publish","type":"page","link":"https:\/\/www.gimmi.com\/fr\/declaration-daccessibilite\/","title":{"rendered":"D\u00e9claration d&#8217;accessibilit\u00e9"},"content":{"rendered":"\t\t<div data-elementor-type=\"wp-page\" data-elementor-id=\"13788\" class=\"elementor elementor-13788 elementor-13785\" data-elementor-post-type=\"page\">\n\t\t\t\t<div class=\"elementor-element elementor-element-48469c0 e-flex e-con-boxed e-con e-parent\" data-id=\"48469c0\" data-element_type=\"container\" data-e-type=\"container\" id=\"start-other\" data-settings=\"{&quot;background_background&quot;:&quot;classic&quot;}\">\n\t\t\t\t\t<div class=\"e-con-inner\">\n\t\t\t\t\t<\/div>\n\t\t\t\t<\/div>\n\t\t<div class=\"elementor-element elementor-element-794c18f padding-top-25 padding-bottom-200 e-flex e-con-boxed e-con e-parent\" data-id=\"794c18f\" data-element_type=\"container\" data-e-type=\"container\" data-settings=\"{&quot;background_background&quot;:&quot;classic&quot;}\">\n\t\t\t\t\t<div class=\"e-con-inner\">\n\t\t\t\t<div class=\"elementor-element elementor-element-03e0828 margin-bottom-150 elementor-widget elementor-widget-breadcrumbs\" data-id=\"03e0828\" data-element_type=\"widget\" data-e-type=\"widget\" data-widget_type=\"breadcrumbs.default\">\n\t\t\t\t<div class=\"elementor-widget-container\">\n\t\t\t\t\t<p id=\"breadcrumbs\"><span><span><a href=\"https:\/\/www.gimmi.com\/fr\/accueil\/\">Home<\/a><\/span><\/span><\/p>\t\t\t\t<\/div>\n\t\t\t\t<\/div>\n\t\t<div class=\"elementor-element elementor-element-22a712b e-flex e-con-boxed e-con e-child\" data-id=\"22a712b\" data-element_type=\"container\" data-e-type=\"container\">\n\t\t\t\t\t<div class=\"e-con-inner\">\n\t\t<div class=\"elementor-element elementor-element-3f64043 margin-bottom-100  e-con-full e-flex e-con e-child\" data-id=\"3f64043\" data-element_type=\"container\" data-e-type=\"container\">\n\t\t\t\t<div class=\"elementor-element elementor-element-b5fb315 underline padding-bottom-25 elementor-widget__width-initial elementor-widget-mobile__width-inherit elementor-widget-tablet__width-inherit elementor-widget elementor-widget-heading\" data-id=\"b5fb315\" data-element_type=\"widget\" data-e-type=\"widget\" data-widget_type=\"heading.default\">\n\t\t\t\t<div class=\"elementor-widget-container\">\n\t\t\t\t\t<h1 class=\"elementor-heading-title elementor-size-default\">D\u00e9claration d'accessibilit\u00e9<\/h1>\t\t\t\t<\/div>\n\t\t\t\t<\/div>\n\t\t\t\t<div class=\"elementor-element elementor-element-8bb7780 headline-trenner elementor-widget-divider--view-line elementor-widget elementor-widget-divider\" data-id=\"8bb7780\" data-element_type=\"widget\" data-e-type=\"widget\" data-widget_type=\"divider.default\">\n\t\t\t\t<div class=\"elementor-widget-container\">\n\t\t\t\t\t\t\t<div class=\"elementor-divider\">\n\t\t\t<span class=\"elementor-divider-separator\">\n\t\t\t\t\t\t<\/span>\n\t\t<\/div>\n\t\t\t\t\t\t<\/div>\n\t\t\t\t<\/div>\n\t\t\t\t<\/div>\n\t\t\t\t<div class=\"elementor-element elementor-element-d6a68dd elementor-widget__width-inherit elementor-widget-mobile__width-inherit elementor-widget elementor-widget-text-editor\" data-id=\"d6a68dd\" data-element_type=\"widget\" data-e-type=\"widget\" data-widget_type=\"text-editor.default\">\n\t\t\t\t<div class=\"elementor-widget-container\">\n\t\t\t\t\t\t\t\t\t<p>Le Gimmi<strong><sup>\u00ae<\/sup><\/strong> GmbH s&#8217;efforce de rendre son site Web accessible \u00e0 tous, conform\u00e9ment \u00e0 l&#8217;article 11, paragraphe 1, de la loi r\u00e9gionale sur l&#8217;\u00e9galit\u00e9 des personnes handicap\u00e9es (LBGG) et aux exigences en mati\u00e8re d&#8217;accessibilit\u00e9, conform\u00e9ment \u00e0 l&#8217;article 13, paragraphe 3, de la LBGG.<\/p>\n<p>La pr\u00e9sente d\u00e9claration d&#8217;accessibilit\u00e9 s&#8217;applique www.gimmi.com<\/p>\n\t\t\t\t\t\t\t\t<\/div>\n\t\t\t\t<\/div>\n\t\t\t\t<div class=\"elementor-element elementor-element-593f9a2 elementor-widget__width-inherit elementor-widget-mobile__width-inherit elementor-widget elementor-widget-text-editor\" data-id=\"593f9a2\" data-element_type=\"widget\" data-e-type=\"widget\" data-widget_type=\"text-editor.default\">\n\t\t\t\t<div class=\"elementor-widget-container\">\n\t\t\t\t\t\t\t\t\t<p><strong>\u00c9tat de la compatibilit\u00e9 avec les exigences<\/strong><br \/>Ce site web est partiellement compatible avec l&#8217;article 13, paragraphe 3, de la LBGG.<\/p>\n\t\t\t\t\t\t\t\t<\/div>\n\t\t\t\t<\/div>\n\t\t\t\t<div class=\"elementor-element elementor-element-f18f320 elementor-widget__width-inherit elementor-widget-mobile__width-inherit elementor-widget elementor-widget-text-editor\" data-id=\"f18f320\" data-element_type=\"widget\" data-e-type=\"widget\" data-widget_type=\"text-editor.default\">\n\t\t\t\t<div class=\"elementor-widget-container\">\n\t\t\t\t\t\t\t\t\t<p><strong>Zones non accessibles<\/strong><br \/>Les contenus mentionn\u00e9s ci-dessous ne sont pas accessibles aux personnes handicap\u00e9es :<\/p>\n<ul>\n<li>PDF Downloads<\/li>\n<li>Vid\u00e9os<\/li>\n<li>Login<\/li>\n<li>certaines pages de notre offre qui sont encore en cours de r\u00e9vision<\/li>\n<\/ul>\n\t\t\t\t\t\t\t\t<\/div>\n\t\t\t\t<\/div>\n\t\t\t\t<div class=\"elementor-element elementor-element-eb186eb elementor-widget__width-inherit elementor-widget-mobile__width-inherit elementor-widget elementor-widget-text-editor\" data-id=\"eb186eb\" data-element_type=\"widget\" data-e-type=\"widget\" data-widget_type=\"text-editor.default\">\n\t\t\t\t<div class=\"elementor-widget-container\">\n\t\t\t\t\t\t\t\t\t<p><strong>R\u00e9daction de la pr\u00e9sente d\u00e9claration d&#8217;accessibilit\u00e9<\/strong><br \/>Cette d\u00e9claration a \u00e9t\u00e9 \u00e9tablie le 13\/08\/2024.<br \/>Les d\u00e9clarations relatives \u00e0 la compatibilit\u00e9 avec les exigences en mati\u00e8re d&#8217;accessibilit\u00e9 contenues dans cette d\u00e9claration sont bas\u00e9es sur une auto-\u00e9valuation.<br \/>La d\u00e9claration a \u00e9t\u00e9 v\u00e9rifi\u00e9e pour la derni\u00e8re fois le 13.08.2024,.<\/p>\n\t\t\t\t\t\t\t\t<\/div>\n\t\t\t\t<\/div>\n\t\t\t\t<div class=\"elementor-element elementor-element-314918b elementor-widget elementor-widget-text-editor\" data-id=\"314918b\" data-element_type=\"widget\" data-e-type=\"widget\" data-widget_type=\"text-editor.default\">\n\t\t\t\t<div class=\"elementor-widget-container\">\n\t\t\t\t\t\t\t\t\t<p><strong>R\u00e9actions et coordonn\u00e9es<\/strong><br \/>Vous souhaitez nous faire part des barri\u00e8res existantes ou nous demander des informations sur la mise en \u0153uvre de l&#8217;accessibilit\u00e9 ? N&#8217;h\u00e9sitez pas \u00e0 nous contacter pour nous faire part de vos commentaires ou pour toute autre information : <\/p>\n<p>Gimmi\u00ae GmbH<br \/>Carl-Zeiss-Strasse 6<br \/>78532 Tuttlingen<br \/>Allemagne<\/p>\n<p>Phone: +49 7461 965900<br \/>Fax: +49 7461 9659033<br \/>Mail: contact@gimmi.com<\/p>\n\t\t\t\t\t\t\t\t<\/div>\n\t\t\t\t<\/div>\n\t\t\t\t<div class=\"elementor-element elementor-element-28f3a82 elementor-widget__width-inherit elementor-widget-mobile__width-inherit elementor-widget elementor-widget-text-editor\" data-id=\"28f3a82\" data-element_type=\"widget\" data-e-type=\"widget\" data-widget_type=\"text-editor.default\">\n\t\t\t\t<div class=\"elementor-widget-container\">\n\t\t\t\t\t\t\t\t\t<p><strong>Proc\u00e9dure de plainte<\/strong><br \/>Si aucune solution satisfaisante n&#8217;a \u00e9t\u00e9 trouv\u00e9e apr\u00e8s votre feed-back au contact susmentionn\u00e9, vous pouvez vous adresser au d\u00e9l\u00e9gu\u00e9 du gouvernement du Land pour les int\u00e9r\u00eats des personnes handicap\u00e9es ou au d\u00e9l\u00e9gu\u00e9 communal pour les int\u00e9r\u00eats des personnes handicap\u00e9es dans le cadre de la fonction de m\u00e9diation d\u00e9crite \u00e0 l&#8217;article 14, paragraphe 2 L-BGG et \u00e0 l&#8217;article 15, paragraphe 3, phrase 2 L-BGG.\u2028<br \/>Traduit avec www.DeepL.com\/Translator (version gratuite)<\/p>\n<p>Vous pouvez contacter la d\u00e9l\u00e9gu\u00e9e du gouvernement r\u00e9gional pour les int\u00e9r\u00eats des personnes handicap\u00e9es de la mani\u00e8re suivante :<\/p>\n<p><strong>D\u00e9l\u00e9gu\u00e9e r\u00e9gionale aux personnes handicap\u00e9es Simone Fischer\u2028<\/strong><br \/>Bureau de la d\u00e9l\u00e9gu\u00e9e r\u00e9gionale aux personnes handicap\u00e9es\u2028<br \/>Else-Josenhans-Strasse 6\u2028<br \/>70173 Stuttgart\u2028<br \/>T\u00e9l\u00e9phone : +49 (0)711 279 3360\u2028<br \/>Mail : Poststelle@bfbmb.bwl.de<\/p>\n\t\t\t\t\t\t\t\t<\/div>\n\t\t\t\t<\/div>\n\t\t\t\t<div class=\"elementor-element elementor-element-bcaa415 elementor-widget__width-inherit elementor-widget-mobile__width-inherit elementor-widget elementor-widget-text-editor\" data-id=\"bcaa415\" data-element_type=\"widget\" data-e-type=\"widget\" data-widget_type=\"text-editor.default\">\n\t\t\t\t<div class=\"elementor-widget-container\">\n\t\t\t\t\t\t\t\t\t<p><strong>Signaler des barri\u00e8res<\/strong><br \/>Votre signalement d&#8217;une barri\u00e8re ou d&#8217;une erreur dans ce site Internet :<\/p>\n\t\t\t\t\t\t\t\t<\/div>\n\t\t\t\t<\/div>\n\t\t\t\t<div class=\"elementor-element elementor-element-0f368ed elementor-widget elementor-widget-shortcode\" data-id=\"0f368ed\" data-element_type=\"widget\" data-e-type=\"widget\" data-widget_type=\"shortcode.default\">\n\t\t\t\t<div class=\"elementor-widget-container\">\n\t\t\t\t\t\t\t<div class=\"elementor-shortcode\">\n<div class=\"wpcf7 no-js\" id=\"wpcf7-f13878-o1\" lang=\"fr-FR\" dir=\"ltr\" data-wpcf7-id=\"13878\">\n<div class=\"screen-reader-response\"><p role=\"status\" aria-live=\"polite\" aria-atomic=\"true\"><\/p> <ul><\/ul><\/div>\n<form action=\"\/fr\/wp-json\/wp\/v2\/pages\/13788#wpcf7-f13878-o1\" method=\"post\" class=\"wpcf7-form init\" aria-label=\"Formulaire de contact\" novalidate=\"novalidate\" data-status=\"init\">\n<fieldset class=\"hidden-fields-container\"><input type=\"hidden\" name=\"_wpcf7\" value=\"13878\" \/><input type=\"hidden\" name=\"_wpcf7_version\" value=\"6.1.5\" \/><input type=\"hidden\" name=\"_wpcf7_locale\" value=\"fr_FR\" \/><input type=\"hidden\" name=\"_wpcf7_unit_tag\" value=\"wpcf7-f13878-o1\" \/><input type=\"hidden\" name=\"_wpcf7_container_post\" value=\"0\" \/><input type=\"hidden\" name=\"_wpcf7_posted_data_hash\" value=\"\" \/>\n<\/fieldset>\n<div class=\"uacf7-form-wrapper-container uacf7-form-13878  \"><div class=\"margin-bottom-50\"><label for=\"lastname\">nom *<\/label><span class=\"wpcf7-form-control-wrap\" data-name=\"fullname\"><input size=\"40\" maxlength=\"400\" class=\"wpcf7-form-control wpcf7-text wpcf7-validates-as-required\" id=\"lastname\" aria-required=\"true\" aria-invalid=\"false\" placeholder=\"nom *\" value=\"\" type=\"text\" name=\"fullname\" \/><\/span><\/div>\n\n<div class=\"margin-bottom-50\"><label for=\"email\">Mail *<\/label><span class=\"wpcf7-form-control-wrap\" data-name=\"email\"><input size=\"40\" maxlength=\"400\" class=\"wpcf7-form-control wpcf7-email wpcf7-validates-as-required wpcf7-text wpcf7-validates-as-email\" id=\"email\" aria-required=\"true\" aria-invalid=\"false\" placeholder=\"Mail *\" value=\"\" type=\"email\" name=\"email\" \/><\/span><\/div>\n\n<div class=\"margin-bottom-50\"><label for=\"link\">Page d\u00e9fectueuse (link) *<\/label><span class=\"wpcf7-form-control-wrap\" data-name=\"link\"><input size=\"40\" maxlength=\"400\" class=\"wpcf7-form-control wpcf7-text wpcf7-validates-as-required\" aria-required=\"true\" aria-invalid=\"false\" placeholder=\"Page d\u00e9fectueuse (link) *\" value=\"\" type=\"text\" name=\"link\" \/><\/span><\/div>\n\n\n\n<div class=\"margin-bottom-25\"><label for=\"description\">Description de l'obstacle ou de l'erreur *<\/label><span class=\"wpcf7-form-control-wrap\" data-name=\"description\"><textarea cols=\"40\" rows=\"5\" maxlength=\"2000\" class=\"wpcf7-form-control wpcf7-textarea wpcf7-validates-as-required\" id=\"description\" aria-required=\"true\" aria-invalid=\"false\" placeholder=\"Description de l&#039;obstacle ou de l&#039;erreur *\" name=\"description\"><\/textarea><\/span><\/div>\n\n\n<div class=\"info margin-bottom-25\">\n<span class=\"wpcf7-form-control-wrap\" data-name=\"acceptance-privacy-policy\"><span class=\"wpcf7-form-control wpcf7-acceptance\"><span class=\"wpcf7-list-item\"><label><input type=\"checkbox\" name=\"acceptance-privacy-policy\" value=\"1\" aria-invalid=\"false\" \/><span class=\"wpcf7-list-item-label\">J'ai lu la <a href=\"https:\/\/www.gimmi.com\/fr\/politique-de-confidentialite\/\" target=\"_blank\">politique de confidentialit\u00e9<\/a> et je consens \u00e0 l'utilisation de mes donn\u00e9es personnelles conform\u00e9ment \u00e0 ces dispositions.*<\/span><\/label><\/span><\/span><\/span><br><span class=\"notice\">* Champs obligatoires<\/span>\n<\/div>\n\n[hcaptcha]\n\n<input class=\"wpcf7-form-control wpcf7-submit has-spinner\" type=\"submit\" value=\"Envoyer la demande\" \/><\/div><div class=\"frc-captcha \" data-sitekey=\"FCMVJU4048715J9G\" data-lang=\"fr\" ><\/div>\n\t\t<noscript>You need to enable Javascript for the anti-spam check.<\/noscript><div class=\"wpcf7-response-output\" aria-hidden=\"true\"><\/div>\n<\/form>\n<\/div>\n<\/div>\n\t\t\t\t\t\t<\/div>\n\t\t\t\t<\/div>\n\t\t\t\t\t<\/div>\n\t\t\t\t<\/div>\n\t\t\t\t\t<\/div>\n\t\t\t\t<\/div>\n\t\t\t\t<\/div>\n\t\t","protected":false},"excerpt":{"rendered":"<p>D\u00e9claration d'accessibilit\u00e9 Le Gimmi\u00ae GmbH s'efforce de rendre son site Web accessible \u00e0 tous, conform\u00e9ment \u00e0 l'article 11, paragraphe 1, de la loi r\u00e9gionale sur l'\u00e9galit\u00e9 des personnes handicap\u00e9es (LBGG) et aux exigences en mati\u00e8re d'accessibilit\u00e9, conform\u00e9ment \u00e0 l'article 13, paragraphe 3, de la LBGG. La pr\u00e9sente d\u00e9claration d'accessibilit\u00e9 s'applique www.gimmi.com \u00c9tat de la compatibilit\u00e9 [&hellip;]<\/p>\n","protected":false},"author":757,"featured_media":0,"parent":0,"menu_order":120,"comment_status":"closed","ping_status":"closed","template":"elementor_theme","meta":{"_acf_changed":false,"footnotes":""},"class_list":["post-13788","page","type-page","status-publish","hentry"],"acf":[],"yoast_head":"<!-- This site is optimized with the Yoast SEO plugin v27.2 - https:\/\/yoast.com\/product\/yoast-seo-wordpress\/ -->\n<title>D\u00e9claration d&#039;accessibilit\u00e9 - Gimmi<\/title>\n<meta name=\"robots\" content=\"index, follow, max-snippet:-1, max-image-preview:large, max-video-preview:-1\" \/>\n<link rel=\"canonical\" href=\"https:\/\/www.gimmi.com\/fr\/declaration-daccessibilite\/\" \/>\n<meta property=\"og:locale\" content=\"fr_FR\" \/>\n<meta property=\"og:type\" content=\"article\" \/>\n<meta property=\"og:title\" content=\"D\u00e9claration d&#039;accessibilit\u00e9 - Gimmi\" \/>\n<meta property=\"og:description\" content=\"D\u00e9claration d&#039;accessibilit\u00e9 Le Gimmi\u00ae GmbH s&#039;efforce de rendre son site Web accessible \u00e0 tous, conform\u00e9ment \u00e0 l&#039;article 11, paragraphe 1, de la loi r\u00e9gionale sur l&#039;\u00e9galit\u00e9 des personnes handicap\u00e9es (LBGG) et aux exigences en mati\u00e8re d&#039;accessibilit\u00e9, conform\u00e9ment \u00e0 l&#039;article 13, paragraphe 3, de la LBGG. La pr\u00e9sente d\u00e9claration d&#039;accessibilit\u00e9 s&#039;applique www.gimmi.com \u00c9tat de la compatibilit\u00e9 [&hellip;]\" \/>\n<meta property=\"og:url\" content=\"https:\/\/www.gimmi.com\/fr\/declaration-daccessibilite\/\" \/>\n<meta property=\"og:site_name\" content=\"Gimmi\" \/>\n<meta property=\"article:publisher\" content=\"https:\/\/www.facebook.com\/gimmigmbh\" \/>\n<meta property=\"article:modified_time\" content=\"2024-12-12T10:25:00+00:00\" \/>\n<meta name=\"twitter:card\" content=\"summary_large_image\" \/>\n<meta name=\"twitter:label1\" content=\"Dur\u00e9e de lecture estim\u00e9e\" \/>\n\t<meta name=\"twitter:data1\" content=\"2 minutes\" \/>\n<script type=\"application\/ld+json\" class=\"yoast-schema-graph\">{\"@context\":\"https:\/\/schema.org\",\"@graph\":[{\"@type\":\"WebPage\",\"@id\":\"https:\/\/www.gimmi.com\/fr\/declaration-daccessibilite\/\",\"url\":\"https:\/\/www.gimmi.com\/fr\/declaration-daccessibilite\/\",\"name\":\"D\u00e9claration d'accessibilit\u00e9 - Gimmi\",\"isPartOf\":{\"@id\":\"https:\/\/www.gimmi.com\/fr\/#website\"},\"datePublished\":\"2024-11-29T15:41:05+00:00\",\"dateModified\":\"2024-12-12T10:25:00+00:00\",\"breadcrumb\":{\"@id\":\"https:\/\/www.gimmi.com\/fr\/declaration-daccessibilite\/#breadcrumb\"},\"inLanguage\":\"fr-FR\",\"potentialAction\":[{\"@type\":\"ReadAction\",\"target\":[\"https:\/\/www.gimmi.com\/fr\/declaration-daccessibilite\/\"]}]},{\"@type\":\"BreadcrumbList\",\"@id\":\"https:\/\/www.gimmi.com\/fr\/declaration-daccessibilite\/#breadcrumb\",\"itemListElement\":[{\"@type\":\"ListItem\",\"position\":1,\"name\":\"Home\",\"item\":\"https:\/\/www.gimmi.com\/fr\/accueil\/\"},{\"@type\":\"ListItem\",\"position\":2,\"name\":\"D\u00e9claration d&#8217;accessibilit\u00e9\"}]},{\"@type\":\"WebSite\",\"@id\":\"https:\/\/www.gimmi.com\/fr\/#website\",\"url\":\"https:\/\/www.gimmi.com\/fr\/\",\"name\":\"Gimmi GmbH\",\"description\":\"Medizintechnik\",\"publisher\":{\"@id\":\"https:\/\/www.gimmi.com\/fr\/#organization\"},\"potentialAction\":[{\"@type\":\"SearchAction\",\"target\":{\"@type\":\"EntryPoint\",\"urlTemplate\":\"https:\/\/www.gimmi.com\/fr\/?s={search_term_string}\"},\"query-input\":{\"@type\":\"PropertyValueSpecification\",\"valueRequired\":true,\"valueName\":\"search_term_string\"}}],\"inLanguage\":\"fr-FR\"},{\"@type\":\"Organization\",\"@id\":\"https:\/\/www.gimmi.com\/fr\/#organization\",\"name\":\"Gimmi GmbH\",\"url\":\"https:\/\/www.gimmi.com\/fr\/\",\"logo\":{\"@type\":\"ImageObject\",\"inLanguage\":\"fr-FR\",\"@id\":\"https:\/\/www.gimmi.com\/fr\/#\/schema\/logo\/image\/\",\"url\":\"https:\/\/www.gimmi.com\/wp-content\/uploads\/2021\/08\/gimmi-logo-claim.svg\",\"contentUrl\":\"https:\/\/www.gimmi.com\/wp-content\/uploads\/2021\/08\/gimmi-logo-claim.svg\",\"width\":263,\"height\":50,\"caption\":\"Gimmi GmbH\"},\"image\":{\"@id\":\"https:\/\/www.gimmi.com\/fr\/#\/schema\/logo\/image\/\"},\"sameAs\":[\"https:\/\/www.facebook.com\/gimmigmbh\",\"https:\/\/www.youtube.com\/@GimmiGmbH\"]}]}<\/script>\n<!-- \/ Yoast SEO plugin. -->","yoast_head_json":{"title":"D\u00e9claration d'accessibilit\u00e9 - Gimmi","robots":{"index":"index","follow":"follow","max-snippet":"max-snippet:-1","max-image-preview":"max-image-preview:large","max-video-preview":"max-video-preview:-1"},"canonical":"https:\/\/www.gimmi.com\/fr\/declaration-daccessibilite\/","og_locale":"fr_FR","og_type":"article","og_title":"D\u00e9claration d'accessibilit\u00e9 - Gimmi","og_description":"D\u00e9claration d'accessibilit\u00e9 Le Gimmi\u00ae GmbH s'efforce de rendre son site Web accessible \u00e0 tous, conform\u00e9ment \u00e0 l'article 11, paragraphe 1, de la loi r\u00e9gionale sur l'\u00e9galit\u00e9 des personnes handicap\u00e9es (LBGG) et aux exigences en mati\u00e8re d'accessibilit\u00e9, conform\u00e9ment \u00e0 l'article 13, paragraphe 3, de la LBGG. La pr\u00e9sente d\u00e9claration d'accessibilit\u00e9 s'applique www.gimmi.com \u00c9tat de la compatibilit\u00e9 [&hellip;]","og_url":"https:\/\/www.gimmi.com\/fr\/declaration-daccessibilite\/","og_site_name":"Gimmi","article_publisher":"https:\/\/www.facebook.com\/gimmigmbh","article_modified_time":"2024-12-12T10:25:00+00:00","twitter_card":"summary_large_image","twitter_misc":{"Dur\u00e9e de lecture estim\u00e9e":"2 minutes"},"schema":{"@context":"https:\/\/schema.org","@graph":[{"@type":"WebPage","@id":"https:\/\/www.gimmi.com\/fr\/declaration-daccessibilite\/","url":"https:\/\/www.gimmi.com\/fr\/declaration-daccessibilite\/","name":"D\u00e9claration d'accessibilit\u00e9 - Gimmi","isPartOf":{"@id":"https:\/\/www.gimmi.com\/fr\/#website"},"datePublished":"2024-11-29T15:41:05+00:00","dateModified":"2024-12-12T10:25:00+00:00","breadcrumb":{"@id":"https:\/\/www.gimmi.com\/fr\/declaration-daccessibilite\/#breadcrumb"},"inLanguage":"fr-FR","potentialAction":[{"@type":"ReadAction","target":["https:\/\/www.gimmi.com\/fr\/declaration-daccessibilite\/"]}]},{"@type":"BreadcrumbList","@id":"https:\/\/www.gimmi.com\/fr\/declaration-daccessibilite\/#breadcrumb","itemListElement":[{"@type":"ListItem","position":1,"name":"Home","item":"https:\/\/www.gimmi.com\/fr\/accueil\/"},{"@type":"ListItem","position":2,"name":"D\u00e9claration d&#8217;accessibilit\u00e9"}]},{"@type":"WebSite","@id":"https:\/\/www.gimmi.com\/fr\/#website","url":"https:\/\/www.gimmi.com\/fr\/","name":"Gimmi GmbH","description":"Medizintechnik","publisher":{"@id":"https:\/\/www.gimmi.com\/fr\/#organization"},"potentialAction":[{"@type":"SearchAction","target":{"@type":"EntryPoint","urlTemplate":"https:\/\/www.gimmi.com\/fr\/?s={search_term_string}"},"query-input":{"@type":"PropertyValueSpecification","valueRequired":true,"valueName":"search_term_string"}}],"inLanguage":"fr-FR"},{"@type":"Organization","@id":"https:\/\/www.gimmi.com\/fr\/#organization","name":"Gimmi GmbH","url":"https:\/\/www.gimmi.com\/fr\/","logo":{"@type":"ImageObject","inLanguage":"fr-FR","@id":"https:\/\/www.gimmi.com\/fr\/#\/schema\/logo\/image\/","url":"https:\/\/www.gimmi.com\/wp-content\/uploads\/2021\/08\/gimmi-logo-claim.svg","contentUrl":"https:\/\/www.gimmi.com\/wp-content\/uploads\/2021\/08\/gimmi-logo-claim.svg","width":263,"height":50,"caption":"Gimmi GmbH"},"image":{"@id":"https:\/\/www.gimmi.com\/fr\/#\/schema\/logo\/image\/"},"sameAs":["https:\/\/www.facebook.com\/gimmigmbh","https:\/\/www.youtube.com\/@GimmiGmbH"]}]}},"_links":{"self":[{"href":"https:\/\/www.gimmi.com\/fr\/wp-json\/wp\/v2\/pages\/13788","targetHints":{"allow":["GET"]}}],"collection":[{"href":"https:\/\/www.gimmi.com\/fr\/wp-json\/wp\/v2\/pages"}],"about":[{"href":"https:\/\/www.gimmi.com\/fr\/wp-json\/wp\/v2\/types\/page"}],"author":[{"embeddable":true,"href":"https:\/\/www.gimmi.com\/fr\/wp-json\/wp\/v2\/users\/757"}],"replies":[{"embeddable":true,"href":"https:\/\/www.gimmi.com\/fr\/wp-json\/wp\/v2\/comments?post=13788"}],"version-history":[{"count":0,"href":"https:\/\/www.gimmi.com\/fr\/wp-json\/wp\/v2\/pages\/13788\/revisions"}],"wp:attachment":[{"href":"https:\/\/www.gimmi.com\/fr\/wp-json\/wp\/v2\/media?parent=13788"}],"curies":[{"name":"wp","href":"https:\/\/api.w.org\/{rel}","templated":true}]}}