{"id":12781,"date":"2024-01-24T14:24:45","date_gmt":"2024-01-24T13:24:45","guid":{"rendered":"https:\/\/www.gimmi.com\/demande-de-confirmation\/"},"modified":"2024-10-28T14:27:53","modified_gmt":"2024-10-28T13:27:53","slug":"demande-de-confirmation","status":"publish","type":"page","link":"https:\/\/www.gimmi.com\/fr\/demande-de-confirmation\/","title":{"rendered":"Demande de confirmation"},"content":{"rendered":"\t\t<div data-elementor-type=\"wp-page\" data-elementor-id=\"12781\" class=\"elementor elementor-12781 elementor-6611\" data-elementor-post-type=\"page\">\n\t\t\t\t<div class=\"elementor-element elementor-element-218ea20 e-flex e-con-boxed e-con e-parent\" data-id=\"218ea20\" data-element_type=\"container\" data-e-type=\"container\" id=\"start-other\" data-settings=\"{&quot;background_background&quot;:&quot;classic&quot;}\">\n\t\t\t\t\t<div class=\"e-con-inner\">\n\t\t\t\t\t<\/div>\n\t\t\t\t<\/div>\n\t\t<div class=\"elementor-element elementor-element-33eef3c padding-top-25 padding-bottom-200 e-flex e-con-boxed e-con e-parent\" data-id=\"33eef3c\" data-element_type=\"container\" data-e-type=\"container\" data-settings=\"{&quot;background_background&quot;:&quot;classic&quot;}\">\n\t\t\t\t\t<div class=\"e-con-inner\">\n\t\t<div class=\"elementor-element elementor-element-f2a1bdc padding-top-100 e-flex e-con-boxed e-con e-child\" data-id=\"f2a1bdc\" data-element_type=\"container\" data-e-type=\"container\">\n\t\t\t\t\t<div class=\"e-con-inner\">\n\t\t<div class=\"elementor-element elementor-element-f153804 margin-bottom-50  e-con-full e-flex e-con e-child\" data-id=\"f153804\" data-element_type=\"container\" data-e-type=\"container\">\n\t\t\t\t<div class=\"elementor-element elementor-element-aa26cf5 underline padding-bottom-25 elementor-widget__width-initial elementor-widget-mobile__width-inherit elementor-widget-tablet__width-inherit elementor-widget elementor-widget-heading\" data-id=\"aa26cf5\" data-element_type=\"widget\" data-e-type=\"widget\" data-widget_type=\"heading.default\">\n\t\t\t\t<div class=\"elementor-widget-container\">\n\t\t\t\t\t<h1 class=\"elementor-heading-title elementor-size-default\">Votre demande a \u00e9t\u00e9 envoy\u00e9e avec succ\u00e8s.<\/h1>\t\t\t\t<\/div>\n\t\t\t\t<\/div>\n\t\t\t\t<div class=\"elementor-element elementor-element-78308e4 headline-trenner elementor-widget-divider--view-line elementor-widget elementor-widget-divider\" data-id=\"78308e4\" data-element_type=\"widget\" data-e-type=\"widget\" data-widget_type=\"divider.default\">\n\t\t\t\t<div class=\"elementor-widget-container\">\n\t\t\t\t\t\t\t<div class=\"elementor-divider\">\n\t\t\t<span class=\"elementor-divider-separator\">\n\t\t\t\t\t\t<\/span>\n\t\t<\/div>\n\t\t\t\t\t\t<\/div>\n\t\t\t\t<\/div>\n\t\t\t\t<\/div>\n\t\t\t\t<div class=\"elementor-element elementor-element-de7ce61 elementor-widget__width-inherit elementor-widget-mobile__width-inherit elementor-widget elementor-widget-text-editor\" data-id=\"de7ce61\" data-element_type=\"widget\" data-e-type=\"widget\" data-widget_type=\"text-editor.default\">\n\t\t\t\t<div class=\"elementor-widget-container\">\n\t\t\t\t\t\t\t\t\t<p> Nous la traiterons et reviendrons vers vous d\u00e8s que possible.<\/p>\n\t\t\t\t\t\t\t\t<\/div>\n\t\t\t\t<\/div>\n\t\t\t\t\t<\/div>\n\t\t\t\t<\/div>\n\t\t\t\t\t<\/div>\n\t\t\t\t<\/div>\n\t\t\t\t<\/div>\n\t\t","protected":false},"excerpt":{"rendered":"<p>Votre demande a \u00e9t\u00e9 envoy\u00e9e avec succ\u00e8s. Nous la traiterons et reviendrons vers vous d\u00e8s que possible.<\/p>\n","protected":false},"author":1,"featured_media":0,"parent":0,"menu_order":0,"comment_status":"closed","ping_status":"closed","template":"elementor_theme","meta":{"_acf_changed":false,"footnotes":""},"class_list":["post-12781","page","type-page","status-publish","hentry"],"acf":[],"yoast_head":"<!-- This site is optimized with the Yoast SEO plugin v27.2 - https:\/\/yoast.com\/product\/yoast-seo-wordpress\/ -->\n<title>Demande de confirmation - Gimmi<\/title>\n<meta name=\"robots\" content=\"index, follow, max-snippet:-1, max-image-preview:large, max-video-preview:-1\" \/>\n<link rel=\"canonical\" href=\"https:\/\/www.gimmi.com\/fr\/demande-de-confirmation\/\" \/>\n<meta property=\"og:locale\" content=\"fr_FR\" \/>\n<meta property=\"og:type\" content=\"article\" \/>\n<meta property=\"og:title\" content=\"Demande de confirmation - Gimmi\" \/>\n<meta property=\"og:description\" content=\"Votre demande a \u00e9t\u00e9 envoy\u00e9e avec succ\u00e8s. Nous la traiterons et reviendrons vers vous d\u00e8s que possible.\" \/>\n<meta property=\"og:url\" content=\"https:\/\/www.gimmi.com\/fr\/demande-de-confirmation\/\" \/>\n<meta property=\"og:site_name\" content=\"Gimmi\" \/>\n<meta property=\"article:publisher\" content=\"https:\/\/www.facebook.com\/gimmigmbh\" \/>\n<meta property=\"article:modified_time\" content=\"2024-10-28T13:27:53+00:00\" \/>\n<meta name=\"twitter:card\" content=\"summary_large_image\" \/>\n<script type=\"application\/ld+json\" class=\"yoast-schema-graph\">{\"@context\":\"https:\/\/schema.org\",\"@graph\":[{\"@type\":\"WebPage\",\"@id\":\"https:\/\/www.gimmi.com\/fr\/demande-de-confirmation\/\",\"url\":\"https:\/\/www.gimmi.com\/fr\/demande-de-confirmation\/\",\"name\":\"Demande de confirmation - Gimmi\",\"isPartOf\":{\"@id\":\"https:\/\/www.gimmi.com\/fr\/#website\"},\"datePublished\":\"2024-01-24T13:24:45+00:00\",\"dateModified\":\"2024-10-28T13:27:53+00:00\",\"breadcrumb\":{\"@id\":\"https:\/\/www.gimmi.com\/fr\/demande-de-confirmation\/#breadcrumb\"},\"inLanguage\":\"fr-FR\",\"potentialAction\":[{\"@type\":\"ReadAction\",\"target\":[\"https:\/\/www.gimmi.com\/fr\/demande-de-confirmation\/\"]}]},{\"@type\":\"BreadcrumbList\",\"@id\":\"https:\/\/www.gimmi.com\/fr\/demande-de-confirmation\/#breadcrumb\",\"itemListElement\":[{\"@type\":\"ListItem\",\"position\":1,\"name\":\"Home\",\"item\":\"https:\/\/www.gimmi.com\/fr\/accueil\/\"},{\"@type\":\"ListItem\",\"position\":2,\"name\":\"Demande de confirmation\"}]},{\"@type\":\"WebSite\",\"@id\":\"https:\/\/www.gimmi.com\/fr\/#website\",\"url\":\"https:\/\/www.gimmi.com\/fr\/\",\"name\":\"Gimmi GmbH\",\"description\":\"Medizintechnik\",\"publisher\":{\"@id\":\"https:\/\/www.gimmi.com\/fr\/#organization\"},\"potentialAction\":[{\"@type\":\"SearchAction\",\"target\":{\"@type\":\"EntryPoint\",\"urlTemplate\":\"https:\/\/www.gimmi.com\/fr\/?s={search_term_string}\"},\"query-input\":{\"@type\":\"PropertyValueSpecification\",\"valueRequired\":true,\"valueName\":\"search_term_string\"}}],\"inLanguage\":\"fr-FR\"},{\"@type\":\"Organization\",\"@id\":\"https:\/\/www.gimmi.com\/fr\/#organization\",\"name\":\"Gimmi GmbH\",\"url\":\"https:\/\/www.gimmi.com\/fr\/\",\"logo\":{\"@type\":\"ImageObject\",\"inLanguage\":\"fr-FR\",\"@id\":\"https:\/\/www.gimmi.com\/fr\/#\/schema\/logo\/image\/\",\"url\":\"https:\/\/www.gimmi.com\/wp-content\/uploads\/2021\/08\/gimmi-logo-claim.svg\",\"contentUrl\":\"https:\/\/www.gimmi.com\/wp-content\/uploads\/2021\/08\/gimmi-logo-claim.svg\",\"width\":263,\"height\":50,\"caption\":\"Gimmi GmbH\"},\"image\":{\"@id\":\"https:\/\/www.gimmi.com\/fr\/#\/schema\/logo\/image\/\"},\"sameAs\":[\"https:\/\/www.facebook.com\/gimmigmbh\",\"https:\/\/www.youtube.com\/@GimmiGmbH\"]}]}<\/script>\n<!-- \/ Yoast SEO plugin. -->","yoast_head_json":{"title":"Demande de confirmation - Gimmi","robots":{"index":"index","follow":"follow","max-snippet":"max-snippet:-1","max-image-preview":"max-image-preview:large","max-video-preview":"max-video-preview:-1"},"canonical":"https:\/\/www.gimmi.com\/fr\/demande-de-confirmation\/","og_locale":"fr_FR","og_type":"article","og_title":"Demande de confirmation - Gimmi","og_description":"Votre demande a \u00e9t\u00e9 envoy\u00e9e avec succ\u00e8s. Nous la traiterons et reviendrons vers vous d\u00e8s que possible.","og_url":"https:\/\/www.gimmi.com\/fr\/demande-de-confirmation\/","og_site_name":"Gimmi","article_publisher":"https:\/\/www.facebook.com\/gimmigmbh","article_modified_time":"2024-10-28T13:27:53+00:00","twitter_card":"summary_large_image","schema":{"@context":"https:\/\/schema.org","@graph":[{"@type":"WebPage","@id":"https:\/\/www.gimmi.com\/fr\/demande-de-confirmation\/","url":"https:\/\/www.gimmi.com\/fr\/demande-de-confirmation\/","name":"Demande de confirmation - Gimmi","isPartOf":{"@id":"https:\/\/www.gimmi.com\/fr\/#website"},"datePublished":"2024-01-24T13:24:45+00:00","dateModified":"2024-10-28T13:27:53+00:00","breadcrumb":{"@id":"https:\/\/www.gimmi.com\/fr\/demande-de-confirmation\/#breadcrumb"},"inLanguage":"fr-FR","potentialAction":[{"@type":"ReadAction","target":["https:\/\/www.gimmi.com\/fr\/demande-de-confirmation\/"]}]},{"@type":"BreadcrumbList","@id":"https:\/\/www.gimmi.com\/fr\/demande-de-confirmation\/#breadcrumb","itemListElement":[{"@type":"ListItem","position":1,"name":"Home","item":"https:\/\/www.gimmi.com\/fr\/accueil\/"},{"@type":"ListItem","position":2,"name":"Demande de confirmation"}]},{"@type":"WebSite","@id":"https:\/\/www.gimmi.com\/fr\/#website","url":"https:\/\/www.gimmi.com\/fr\/","name":"Gimmi GmbH","description":"Medizintechnik","publisher":{"@id":"https:\/\/www.gimmi.com\/fr\/#organization"},"potentialAction":[{"@type":"SearchAction","target":{"@type":"EntryPoint","urlTemplate":"https:\/\/www.gimmi.com\/fr\/?s={search_term_string}"},"query-input":{"@type":"PropertyValueSpecification","valueRequired":true,"valueName":"search_term_string"}}],"inLanguage":"fr-FR"},{"@type":"Organization","@id":"https:\/\/www.gimmi.com\/fr\/#organization","name":"Gimmi GmbH","url":"https:\/\/www.gimmi.com\/fr\/","logo":{"@type":"ImageObject","inLanguage":"fr-FR","@id":"https:\/\/www.gimmi.com\/fr\/#\/schema\/logo\/image\/","url":"https:\/\/www.gimmi.com\/wp-content\/uploads\/2021\/08\/gimmi-logo-claim.svg","contentUrl":"https:\/\/www.gimmi.com\/wp-content\/uploads\/2021\/08\/gimmi-logo-claim.svg","width":263,"height":50,"caption":"Gimmi GmbH"},"image":{"@id":"https:\/\/www.gimmi.com\/fr\/#\/schema\/logo\/image\/"},"sameAs":["https:\/\/www.facebook.com\/gimmigmbh","https:\/\/www.youtube.com\/@GimmiGmbH"]}]}},"_links":{"self":[{"href":"https:\/\/www.gimmi.com\/fr\/wp-json\/wp\/v2\/pages\/12781","targetHints":{"allow":["GET"]}}],"collection":[{"href":"https:\/\/www.gimmi.com\/fr\/wp-json\/wp\/v2\/pages"}],"about":[{"href":"https:\/\/www.gimmi.com\/fr\/wp-json\/wp\/v2\/types\/page"}],"author":[{"embeddable":true,"href":"https:\/\/www.gimmi.com\/fr\/wp-json\/wp\/v2\/users\/1"}],"replies":[{"embeddable":true,"href":"https:\/\/www.gimmi.com\/fr\/wp-json\/wp\/v2\/comments?post=12781"}],"version-history":[{"count":0,"href":"https:\/\/www.gimmi.com\/fr\/wp-json\/wp\/v2\/pages\/12781\/revisions"}],"wp:attachment":[{"href":"https:\/\/www.gimmi.com\/fr\/wp-json\/wp\/v2\/media?parent=12781"}],"curies":[{"name":"wp","href":"https:\/\/api.w.org\/{rel}","templated":true}]}}