{"id":12765,"date":"2024-01-04T17:34:13","date_gmt":"2024-01-04T16:34:13","guid":{"rendered":"https:\/\/www.gimmi.com\/acces-refuse\/"},"modified":"2024-10-28T13:47:56","modified_gmt":"2024-10-28T12:47:56","slug":"acces-refuse","status":"publish","type":"page","link":"https:\/\/www.gimmi.com\/fr\/acces-refuse\/","title":{"rendered":"Acc\u00e8s refus\u00e9"},"content":{"rendered":"\t\t<div data-elementor-type=\"wp-page\" data-elementor-id=\"12765\" class=\"elementor elementor-12765 elementor-3927\" data-elementor-post-type=\"page\">\n\t\t\t\t<div class=\"elementor-element elementor-element-5eb7faf e-flex e-con-boxed e-con e-parent\" data-id=\"5eb7faf\" data-element_type=\"container\" data-e-type=\"container\" id=\"start-other\" data-settings=\"{&quot;background_background&quot;:&quot;classic&quot;}\">\n\t\t\t\t\t<div class=\"e-con-inner\">\n\t\t\t\t\t<\/div>\n\t\t\t\t<\/div>\n\t\t<div class=\"elementor-element elementor-element-95c58af padding-top-25 padding-bottom-200 e-flex e-con-boxed e-con e-parent\" data-id=\"95c58af\" data-element_type=\"container\" data-e-type=\"container\" data-settings=\"{&quot;background_background&quot;:&quot;classic&quot;}\">\n\t\t\t\t\t<div class=\"e-con-inner\">\n\t\t<div class=\"elementor-element elementor-element-7c1426b padding-top-100 e-flex e-con-boxed e-con e-child\" data-id=\"7c1426b\" data-element_type=\"container\" data-e-type=\"container\">\n\t\t\t\t\t<div class=\"e-con-inner\">\n\t\t<div class=\"elementor-element elementor-element-71a1893 margin-bottom-50  e-con-full e-flex e-con e-child\" data-id=\"71a1893\" data-element_type=\"container\" data-e-type=\"container\">\n\t\t\t\t<div class=\"elementor-element elementor-element-882c590 underline padding-bottom-25 elementor-widget__width-initial elementor-widget-mobile__width-inherit elementor-widget-tablet__width-inherit elementor-widget elementor-widget-heading\" data-id=\"882c590\" data-element_type=\"widget\" data-e-type=\"widget\" data-widget_type=\"heading.default\">\n\t\t\t\t<div class=\"elementor-widget-container\">\n\t\t\t\t\t<h1 class=\"elementor-heading-title elementor-size-default\">Acc\u00e8s refus\u00e9.<\/h1>\t\t\t\t<\/div>\n\t\t\t\t<\/div>\n\t\t\t\t<div class=\"elementor-element elementor-element-06b871f headline-trenner elementor-widget-divider--view-line elementor-widget elementor-widget-divider\" data-id=\"06b871f\" data-element_type=\"widget\" data-e-type=\"widget\" data-widget_type=\"divider.default\">\n\t\t\t\t<div class=\"elementor-widget-container\">\n\t\t\t\t\t\t\t<div class=\"elementor-divider\">\n\t\t\t<span class=\"elementor-divider-separator\">\n\t\t\t\t\t\t<\/span>\n\t\t<\/div>\n\t\t\t\t\t\t<\/div>\n\t\t\t\t<\/div>\n\t\t\t\t<\/div>\n\t\t\t\t<div class=\"elementor-element elementor-element-2672235 elementor-widget__width-inherit elementor-widget-mobile__width-inherit elementor-widget elementor-widget-text-editor\" data-id=\"2672235\" data-element_type=\"widget\" data-e-type=\"widget\" data-widget_type=\"text-editor.default\">\n\t\t\t\t<div class=\"elementor-widget-container\">\n\t\t\t\t\t\t\t\t\t<p>Inscrivez-vous ou connectez-vous \u00e0 votre compte pour voir le contenu de l&#8217;Espace partenaires.<\/p>\n<p>Si vous \u00eates d\u00e9j\u00e0 connect\u00e9, il se peut que nous ne vous ayons pas encore enregistr\u00e9.<\/p>\n\t\t\t\t\t\t\t\t<\/div>\n\t\t\t\t<\/div>\n\t\t\t\t<div class=\"elementor-element elementor-element-e83ad35 elementor-widget elementor-widget-button\" data-id=\"e83ad35\" data-element_type=\"widget\" data-e-type=\"widget\" data-widget_type=\"button.default\">\n\t\t\t\t<div class=\"elementor-widget-container\">\n\t\t\t\t\t\t\t\t\t<div class=\"elementor-button-wrapper\">\n\t\t\t\t\t<a class=\"elementor-button elementor-button-link elementor-size-sm\" href=\"https:\/\/www.gimmi.com\/fr\/espace-partenaires\/mon-compte\/\">\n\t\t\t\t\t\t<span class=\"elementor-button-content-wrapper\">\n\t\t\t\t\t\t\t\t\t<span class=\"elementor-button-text\">Connectez-vous<\/span>\n\t\t\t\t\t<\/span>\n\t\t\t\t\t<\/a>\n\t\t\t\t<\/div>\n\t\t\t\t\t\t\t\t<\/div>\n\t\t\t\t<\/div>\n\t\t\t\t\t<\/div>\n\t\t\t\t<\/div>\n\t\t\t\t\t<\/div>\n\t\t\t\t<\/div>\n\t\t\t\t<\/div>\n\t\t","protected":false},"excerpt":{"rendered":"<p>Acc\u00e8s refus\u00e9. Inscrivez-vous ou connectez-vous \u00e0 votre compte pour voir le contenu de l'Espace partenaires. Si vous \u00eates d\u00e9j\u00e0 connect\u00e9, il se peut que nous ne vous ayons pas encore enregistr\u00e9. Connectez-vous<\/p>\n","protected":false},"author":1,"featured_media":0,"parent":0,"menu_order":1000,"comment_status":"closed","ping_status":"closed","template":"elementor_theme","meta":{"_acf_changed":false,"footnotes":""},"class_list":["post-12765","page","type-page","status-publish","hentry"],"acf":[],"yoast_head":"<!-- This site is optimized with the Yoast SEO plugin v27.2 - https:\/\/yoast.com\/product\/yoast-seo-wordpress\/ -->\n<title>Acc\u00e8s refus\u00e9 - Gimmi<\/title>\n<meta name=\"robots\" content=\"index, follow, max-snippet:-1, max-image-preview:large, max-video-preview:-1\" \/>\n<link rel=\"canonical\" href=\"https:\/\/www.gimmi.com\/fr\/acces-refuse\/\" \/>\n<meta property=\"og:locale\" content=\"fr_FR\" \/>\n<meta property=\"og:type\" content=\"article\" \/>\n<meta property=\"og:title\" content=\"Acc\u00e8s refus\u00e9 - Gimmi\" \/>\n<meta property=\"og:description\" content=\"Acc\u00e8s refus\u00e9. Inscrivez-vous ou connectez-vous \u00e0 votre compte pour voir le contenu de l&#039;Espace partenaires. Si vous \u00eates d\u00e9j\u00e0 connect\u00e9, il se peut que nous ne vous ayons pas encore enregistr\u00e9. Connectez-vous\" \/>\n<meta property=\"og:url\" content=\"https:\/\/www.gimmi.com\/fr\/acces-refuse\/\" \/>\n<meta property=\"og:site_name\" content=\"Gimmi\" \/>\n<meta property=\"article:publisher\" content=\"https:\/\/www.facebook.com\/gimmigmbh\" \/>\n<meta property=\"article:modified_time\" content=\"2024-10-28T12:47:56+00:00\" \/>\n<meta name=\"twitter:card\" content=\"summary_large_image\" \/>\n<script type=\"application\/ld+json\" class=\"yoast-schema-graph\">{\"@context\":\"https:\/\/schema.org\",\"@graph\":[{\"@type\":\"WebPage\",\"@id\":\"https:\/\/www.gimmi.com\/fr\/acces-refuse\/\",\"url\":\"https:\/\/www.gimmi.com\/fr\/acces-refuse\/\",\"name\":\"Acc\u00e8s refus\u00e9 - Gimmi\",\"isPartOf\":{\"@id\":\"https:\/\/www.gimmi.com\/fr\/#website\"},\"datePublished\":\"2024-01-04T16:34:13+00:00\",\"dateModified\":\"2024-10-28T12:47:56+00:00\",\"breadcrumb\":{\"@id\":\"https:\/\/www.gimmi.com\/fr\/acces-refuse\/#breadcrumb\"},\"inLanguage\":\"fr-FR\",\"potentialAction\":[{\"@type\":\"ReadAction\",\"target\":[\"https:\/\/www.gimmi.com\/fr\/acces-refuse\/\"]}]},{\"@type\":\"BreadcrumbList\",\"@id\":\"https:\/\/www.gimmi.com\/fr\/acces-refuse\/#breadcrumb\",\"itemListElement\":[{\"@type\":\"ListItem\",\"position\":1,\"name\":\"Home\",\"item\":\"https:\/\/www.gimmi.com\/fr\/accueil\/\"},{\"@type\":\"ListItem\",\"position\":2,\"name\":\"Acc\u00e8s refus\u00e9\"}]},{\"@type\":\"WebSite\",\"@id\":\"https:\/\/www.gimmi.com\/fr\/#website\",\"url\":\"https:\/\/www.gimmi.com\/fr\/\",\"name\":\"Gimmi GmbH\",\"description\":\"Medizintechnik\",\"publisher\":{\"@id\":\"https:\/\/www.gimmi.com\/fr\/#organization\"},\"potentialAction\":[{\"@type\":\"SearchAction\",\"target\":{\"@type\":\"EntryPoint\",\"urlTemplate\":\"https:\/\/www.gimmi.com\/fr\/?s={search_term_string}\"},\"query-input\":{\"@type\":\"PropertyValueSpecification\",\"valueRequired\":true,\"valueName\":\"search_term_string\"}}],\"inLanguage\":\"fr-FR\"},{\"@type\":\"Organization\",\"@id\":\"https:\/\/www.gimmi.com\/fr\/#organization\",\"name\":\"Gimmi GmbH\",\"url\":\"https:\/\/www.gimmi.com\/fr\/\",\"logo\":{\"@type\":\"ImageObject\",\"inLanguage\":\"fr-FR\",\"@id\":\"https:\/\/www.gimmi.com\/fr\/#\/schema\/logo\/image\/\",\"url\":\"https:\/\/www.gimmi.com\/wp-content\/uploads\/2021\/08\/gimmi-logo-claim.svg\",\"contentUrl\":\"https:\/\/www.gimmi.com\/wp-content\/uploads\/2021\/08\/gimmi-logo-claim.svg\",\"width\":263,\"height\":50,\"caption\":\"Gimmi GmbH\"},\"image\":{\"@id\":\"https:\/\/www.gimmi.com\/fr\/#\/schema\/logo\/image\/\"},\"sameAs\":[\"https:\/\/www.facebook.com\/gimmigmbh\",\"https:\/\/www.youtube.com\/@GimmiGmbH\"]}]}<\/script>\n<!-- \/ Yoast SEO plugin. -->","yoast_head_json":{"title":"Acc\u00e8s refus\u00e9 - Gimmi","robots":{"index":"index","follow":"follow","max-snippet":"max-snippet:-1","max-image-preview":"max-image-preview:large","max-video-preview":"max-video-preview:-1"},"canonical":"https:\/\/www.gimmi.com\/fr\/acces-refuse\/","og_locale":"fr_FR","og_type":"article","og_title":"Acc\u00e8s refus\u00e9 - Gimmi","og_description":"Acc\u00e8s refus\u00e9. Inscrivez-vous ou connectez-vous \u00e0 votre compte pour voir le contenu de l'Espace partenaires. Si vous \u00eates d\u00e9j\u00e0 connect\u00e9, il se peut que nous ne vous ayons pas encore enregistr\u00e9. Connectez-vous","og_url":"https:\/\/www.gimmi.com\/fr\/acces-refuse\/","og_site_name":"Gimmi","article_publisher":"https:\/\/www.facebook.com\/gimmigmbh","article_modified_time":"2024-10-28T12:47:56+00:00","twitter_card":"summary_large_image","schema":{"@context":"https:\/\/schema.org","@graph":[{"@type":"WebPage","@id":"https:\/\/www.gimmi.com\/fr\/acces-refuse\/","url":"https:\/\/www.gimmi.com\/fr\/acces-refuse\/","name":"Acc\u00e8s refus\u00e9 - Gimmi","isPartOf":{"@id":"https:\/\/www.gimmi.com\/fr\/#website"},"datePublished":"2024-01-04T16:34:13+00:00","dateModified":"2024-10-28T12:47:56+00:00","breadcrumb":{"@id":"https:\/\/www.gimmi.com\/fr\/acces-refuse\/#breadcrumb"},"inLanguage":"fr-FR","potentialAction":[{"@type":"ReadAction","target":["https:\/\/www.gimmi.com\/fr\/acces-refuse\/"]}]},{"@type":"BreadcrumbList","@id":"https:\/\/www.gimmi.com\/fr\/acces-refuse\/#breadcrumb","itemListElement":[{"@type":"ListItem","position":1,"name":"Home","item":"https:\/\/www.gimmi.com\/fr\/accueil\/"},{"@type":"ListItem","position":2,"name":"Acc\u00e8s refus\u00e9"}]},{"@type":"WebSite","@id":"https:\/\/www.gimmi.com\/fr\/#website","url":"https:\/\/www.gimmi.com\/fr\/","name":"Gimmi GmbH","description":"Medizintechnik","publisher":{"@id":"https:\/\/www.gimmi.com\/fr\/#organization"},"potentialAction":[{"@type":"SearchAction","target":{"@type":"EntryPoint","urlTemplate":"https:\/\/www.gimmi.com\/fr\/?s={search_term_string}"},"query-input":{"@type":"PropertyValueSpecification","valueRequired":true,"valueName":"search_term_string"}}],"inLanguage":"fr-FR"},{"@type":"Organization","@id":"https:\/\/www.gimmi.com\/fr\/#organization","name":"Gimmi GmbH","url":"https:\/\/www.gimmi.com\/fr\/","logo":{"@type":"ImageObject","inLanguage":"fr-FR","@id":"https:\/\/www.gimmi.com\/fr\/#\/schema\/logo\/image\/","url":"https:\/\/www.gimmi.com\/wp-content\/uploads\/2021\/08\/gimmi-logo-claim.svg","contentUrl":"https:\/\/www.gimmi.com\/wp-content\/uploads\/2021\/08\/gimmi-logo-claim.svg","width":263,"height":50,"caption":"Gimmi GmbH"},"image":{"@id":"https:\/\/www.gimmi.com\/fr\/#\/schema\/logo\/image\/"},"sameAs":["https:\/\/www.facebook.com\/gimmigmbh","https:\/\/www.youtube.com\/@GimmiGmbH"]}]}},"_links":{"self":[{"href":"https:\/\/www.gimmi.com\/fr\/wp-json\/wp\/v2\/pages\/12765","targetHints":{"allow":["GET"]}}],"collection":[{"href":"https:\/\/www.gimmi.com\/fr\/wp-json\/wp\/v2\/pages"}],"about":[{"href":"https:\/\/www.gimmi.com\/fr\/wp-json\/wp\/v2\/types\/page"}],"author":[{"embeddable":true,"href":"https:\/\/www.gimmi.com\/fr\/wp-json\/wp\/v2\/users\/1"}],"replies":[{"embeddable":true,"href":"https:\/\/www.gimmi.com\/fr\/wp-json\/wp\/v2\/comments?post=12765"}],"version-history":[{"count":0,"href":"https:\/\/www.gimmi.com\/fr\/wp-json\/wp\/v2\/pages\/12765\/revisions"}],"wp:attachment":[{"href":"https:\/\/www.gimmi.com\/fr\/wp-json\/wp\/v2\/media?parent=12765"}],"curies":[{"name":"wp","href":"https:\/\/api.w.org\/{rel}","templated":true}]}}