{"id":11065,"date":"2021-08-02T10:28:36","date_gmt":"2021-08-02T08:28:36","guid":{"rendered":"https:\/\/www.gimmi.com\/pie-de-imprenta\/"},"modified":"2025-12-12T17:35:57","modified_gmt":"2025-12-12T16:35:57","slug":"pie-de-imprenta","status":"publish","type":"page","link":"https:\/\/www.gimmi.com\/es\/pie-de-imprenta\/","title":{"rendered":"Pie de Imprenta"},"content":{"rendered":"\t\t<div data-elementor-type=\"wp-page\" data-elementor-id=\"11065\" class=\"elementor elementor-11065 elementor-8\" data-elementor-post-type=\"page\">\n\t\t\t\t<div class=\"elementor-element elementor-element-48469c0 e-flex e-con-boxed e-con e-parent\" data-id=\"48469c0\" data-element_type=\"container\" data-e-type=\"container\" id=\"start-other\" data-settings=\"{&quot;background_background&quot;:&quot;classic&quot;}\">\n\t\t\t\t\t<div class=\"e-con-inner\">\n\t\t\t\t\t<\/div>\n\t\t\t\t<\/div>\n\t\t<div class=\"elementor-element elementor-element-794c18f padding-top-25 padding-bottom-200 e-flex e-con-boxed e-con e-parent\" data-id=\"794c18f\" data-element_type=\"container\" data-e-type=\"container\" data-settings=\"{&quot;background_background&quot;:&quot;classic&quot;}\">\n\t\t\t\t\t<div class=\"e-con-inner\">\n\t\t\t\t<div class=\"elementor-element elementor-element-03e0828 margin-bottom-150 elementor-widget elementor-widget-breadcrumbs\" data-id=\"03e0828\" data-element_type=\"widget\" data-e-type=\"widget\" data-widget_type=\"breadcrumbs.default\">\n\t\t\t\t<div class=\"elementor-widget-container\">\n\t\t\t\t\t<p id=\"breadcrumbs\"><span><span><a href=\"https:\/\/www.gimmi.com\/es\/home-2\/\">Home<\/a><\/span><\/span><\/p>\t\t\t\t<\/div>\n\t\t\t\t<\/div>\n\t\t<div class=\"elementor-element elementor-element-22a712b e-flex e-con-boxed e-con e-child\" data-id=\"22a712b\" data-element_type=\"container\" data-e-type=\"container\">\n\t\t\t\t\t<div class=\"e-con-inner\">\n\t\t<div class=\"elementor-element elementor-element-3f64043 margin-bottom-100  e-con-full e-flex e-con e-child\" data-id=\"3f64043\" data-element_type=\"container\" data-e-type=\"container\">\n\t\t\t\t<div class=\"elementor-element elementor-element-b5fb315 underline padding-bottom-25 elementor-widget__width-initial elementor-widget-mobile__width-inherit elementor-widget-tablet__width-inherit elementor-widget elementor-widget-heading\" data-id=\"b5fb315\" data-element_type=\"widget\" data-e-type=\"widget\" data-widget_type=\"heading.default\">\n\t\t\t\t<div class=\"elementor-widget-container\">\n\t\t\t\t\t<h1 class=\"elementor-heading-title elementor-size-default\">Pie de Imprenta<\/h1>\t\t\t\t<\/div>\n\t\t\t\t<\/div>\n\t\t\t\t<div class=\"elementor-element elementor-element-8bb7780 headline-trenner elementor-widget-divider--view-line elementor-widget elementor-widget-divider\" data-id=\"8bb7780\" data-element_type=\"widget\" data-e-type=\"widget\" data-widget_type=\"divider.default\">\n\t\t\t\t<div class=\"elementor-widget-container\">\n\t\t\t\t\t\t\t<div class=\"elementor-divider\">\n\t\t\t<span class=\"elementor-divider-separator\">\n\t\t\t\t\t\t<\/span>\n\t\t<\/div>\n\t\t\t\t\t\t<\/div>\n\t\t\t\t<\/div>\n\t\t\t\t<\/div>\n\t\t\t\t<div class=\"elementor-element elementor-element-d6a68dd elementor-widget__width-inherit elementor-widget-mobile__width-inherit elementor-widget elementor-widget-text-editor\" data-id=\"d6a68dd\" data-element_type=\"widget\" data-e-type=\"widget\" data-widget_type=\"text-editor.default\">\n\t\t\t\t<div class=\"elementor-widget-container\">\n\t\t\t\t\t\t\t\t\t<p><strong>Gimmi<sup>\u00ae<\/sup> GmbH<\/strong><br \/>Carl-Zeiss-Strasse 6<br \/>78532 Tuttlingen<br \/>Alemania<\/p><p>Registro Comercial: Juzgado de Pimera Instancia de Stuttgart HRB 450213<br \/>WEEE number: DE90303250<br \/>IVA: DE 142940512<br \/>Tel\u00e9fono: <a href=\"tel:00497461965900\">+49 7461 965900<\/a><br \/>Fax: +49 7461 9659033<br \/>Correo el\u00e9ctronico: <a href=\"mailto:contact@gimmi.com\">contact@gimmi.com<\/a><\/p><p>Director General<br \/>Jaime Cervantes Covarrubias <\/p>\t\t\t\t\t\t\t\t<\/div>\n\t\t\t\t<\/div>\n\t\t\t\t<div class=\"elementor-element elementor-element-83f3d6f elementor-widget__width-inherit elementor-widget-mobile__width-inherit elementor-widget elementor-widget-text-editor\" data-id=\"83f3d6f\" data-element_type=\"widget\" data-e-type=\"widget\" data-widget_type=\"text-editor.default\">\n\t\t\t\t<div class=\"elementor-widget-container\">\n\t\t\t\t\t\t\t\t\t<p><strong>Contenido<\/strong><br \/>El contenido, la informaci\u00f3n, los documentos y las representaciones que figuran en esta p\u00e1gina web han sido cuidadosamente investigados. S\u00f3lo sirven como informaci\u00f3n no vinculante, en particular sobre los servicios de Gimmi<sup>\u00ae<\/sup>. Su disponibilidad no constituye una oferta de contrato, aseguramiento de propiedades o garant\u00eda. Su uso con fines comerciales o como base para decisiones comerciales o m\u00e9dicas no est\u00e1 permitido sin un acuerdo por escrito por separado. En la medida en que en la informaci\u00f3n de nuestra p\u00e1gina web o en la informaci\u00f3n a obtener se realicen afirmaciones de car\u00e1cter m\u00e9dico, por ejemplo, sobre el uso de determinados m\u00e9todos o procedimientos quir\u00fargicos, tambi\u00e9n deber\u00e1 comprobarse antes de su uso que \u00e9stas se ajustan al estado actual y reconocido de los conocimientos cient\u00edficos, por ejemplo, bas\u00e1ndose en la literatura cient\u00edfica m\u00e1s reciente.    <\/p>\n\t\t\t\t\t\t\t\t<\/div>\n\t\t\t\t<\/div>\n\t\t\t\t<div class=\"elementor-element elementor-element-d921818 elementor-widget__width-inherit elementor-widget-mobile__width-inherit elementor-widget elementor-widget-text-editor\" data-id=\"d921818\" data-element_type=\"widget\" data-e-type=\"widget\" data-widget_type=\"text-editor.default\">\n\t\t\t\t<div class=\"elementor-widget-container\">\n\t\t\t\t\t\t\t\t\t<p><strong>Condiciones de uso<\/strong><br \/>El uso y el acceso al sitio web se basan exclusivamente en la legislaci\u00f3n aplicable y en las condiciones de uso. Si no est\u00e1 de acuerdo, le rogamos que no utilice este sitio web. Esta p\u00e1gina web ha sido creada por Gimmi<sup>\u00ae<\/sup> GmbH y se mantiene y desarrolla constantemente. Nos reservamos el derecho, a nuestra discreci\u00f3n, de modificar total o parcialmente el contenido de la p\u00e1gina web y las condiciones generales de uso en cualquier momento y sin previo aviso, as\u00ed como de interrumpir su funcionamiento total o parcialmente de forma permanente o temporal. Por lo tanto, las condiciones actuales se aplican al acceso y uso del sitio web.    <\/p>\n\t\t\t\t\t\t\t\t<\/div>\n\t\t\t\t<\/div>\n\t\t\t\t<div class=\"elementor-element elementor-element-593f9a2 elementor-widget__width-inherit elementor-widget-mobile__width-inherit elementor-widget elementor-widget-text-editor\" data-id=\"593f9a2\" data-element_type=\"widget\" data-e-type=\"widget\" data-widget_type=\"text-editor.default\">\n\t\t\t\t<div class=\"elementor-widget-container\">\n\t\t\t\t\t\t\t\t\t<p><strong>\u00a9 Copyright Gimmi<sup>\u00ae<\/sup> GmbH, Tuttlingen<\/strong><br \/>Todas las ilustraciones, descripciones de productos y textos son propiedad intelectual de Gimmi<sup>\u00ae<\/sup> GmbH.<br \/>El uso posterior y la duplicaci\u00f3n a y por terceros requieren una aprobaci\u00f3n expl\u00edcita<br \/>Gimmi<sup>\u00ae<\/sup> GmbH se reserva todos los derechos\u00bb.<\/p>\n\t\t\t\t\t\t\t\t<\/div>\n\t\t\t\t<\/div>\n\t\t\t\t<div class=\"elementor-element elementor-element-c61ca69 elementor-widget__width-inherit elementor-widget-mobile__width-inherit elementor-widget elementor-widget-text-editor\" data-id=\"c61ca69\" data-element_type=\"widget\" data-e-type=\"widget\" data-widget_type=\"text-editor.default\">\n\t\t\t\t<div class=\"elementor-widget-container\">\n\t\t\t\t\t\t\t\t\t<p><strong>Marcas y logotipos<\/strong><br \/>Todos los nombres de productos y logotipos son marcas registradas de Gimmi<sup>\u00ae<\/sup> GmbH, sus empresas afiliadas, sus licenciantes o socios comerciales. Queda expresamente prohibido el uso de estas marcas protegidas o de otros materiales que no est\u00e9 expresamente permitido por escrito. Cualquier uso no autorizado puede constituir una infracci\u00f3n de los derechos de autor, derechos de marca registrada y otros derechos de propiedad de Gimmi<sup>\u00ae<\/sup>.  <\/p>\n\t\t\t\t\t\t\t\t<\/div>\n\t\t\t\t<\/div>\n\t\t\t\t<div class=\"elementor-element elementor-element-f09543f elementor-widget__width-inherit elementor-widget-mobile__width-inherit elementor-widget elementor-widget-text-editor\" data-id=\"f09543f\" data-element_type=\"widget\" data-e-type=\"widget\" data-widget_type=\"text-editor.default\">\n\t\t\t\t<div class=\"elementor-widget-container\">\n\t\t\t\t\t\t\t\t\t<p><strong>Enlaces<\/strong><br \/>Cualquier enlace de terceros a nuestra p\u00e1gina web requiere el consentimiento por escrito de Gimmi<sup>\u00ae<\/sup> GmbH.<\/p>\n\t\t\t\t\t\t\t\t<\/div>\n\t\t\t\t<\/div>\n\t\t\t\t<div class=\"elementor-element elementor-element-f6163ce elementor-widget__width-inherit elementor-widget-mobile__width-inherit elementor-widget elementor-widget-text-editor\" data-id=\"f6163ce\" data-element_type=\"widget\" data-e-type=\"widget\" data-widget_type=\"text-editor.default\">\n\t\t\t\t<div class=\"elementor-widget-container\">\n\t\t\t\t\t\t\t\t\t<p><strong>Riesgo propio y protecci\u00f3n antivirus<\/strong><br \/>El uso de esta p\u00e1gina web y de la oferta en Internet de Gimmi<sup>\u00ae<\/sup> corre por su cuenta y riesgo. Es en su propio inter\u00e9s tomar las medidas de protecci\u00f3n antivirus adecuadas. <\/p>\n\t\t\t\t\t\t\t\t<\/div>\n\t\t\t\t<\/div>\n\t\t\t\t<div class=\"elementor-element elementor-element-b5fe8d4 elementor-widget__width-inherit elementor-widget-mobile__width-inherit elementor-widget elementor-widget-text-editor\" data-id=\"b5fe8d4\" data-element_type=\"widget\" data-e-type=\"widget\" data-widget_type=\"text-editor.default\">\n\t\t\t\t<div class=\"elementor-widget-container\">\n\t\t\t\t\t\t\t\t\t<p><strong>Sitios de terceros e hiperv\u00ednculos<\/strong><br \/>Este sitio web contiene enlaces aislados o referencias a sitios web de terceros. La selecci\u00f3n se ha realizado en funci\u00f3n de la p\u00e1gina de inicio disponible en el momento de establecer el enlace. No es posible evitar contenidos no deseados, como por ejemplo ilegales, contenidos en las p\u00e1ginas web de niveles inferiores o modificaciones posteriores. Por lo tanto, los hiperv\u00ednculos a sitios web de terceros no representan la aprobaci\u00f3n del contenido de terceros por parte de Gimmi<sup>\u00ae<\/sup>, ni Gimmi<sup>\u00ae<\/sup> puede asumir la responsabilidad por la disponibilidad o el contenido de dichos sitios web. Los hiperv\u00ednculos a otros sitios web se proporcionan \u00fanicamente para su comodidad.    <\/p>\n\t\t\t\t\t\t\t\t<\/div>\n\t\t\t\t<\/div>\n\t\t\t\t<div class=\"elementor-element elementor-element-ad7909f elementor-widget__width-inherit elementor-widget-mobile__width-inherit elementor-widget elementor-widget-text-editor\" data-id=\"ad7909f\" data-element_type=\"widget\" data-e-type=\"widget\" data-widget_type=\"text-editor.default\">\n\t\t\t\t<div class=\"elementor-widget-container\">\n\t\t\t\t\t\t\t\t\t<p><strong>Ley aplicable\/Jurisdicci\u00f3n<\/strong><br \/>La ley de la Rep\u00fablica Federal de Alemania se aplica a los t\u00e9rminos y condiciones y a toda la relaci\u00f3n legal. En la medida permitida por la ley, Tuttlingen es el lugar exclusivo de jurisdicci\u00f3n para todas las disputas que surjan directa o indirectamente. <\/p>\n\t\t\t\t\t\t\t\t<\/div>\n\t\t\t\t<\/div>\n\t\t\t\t<div class=\"elementor-element elementor-element-375c1c3 elementor-widget__width-inherit elementor-widget-mobile__width-inherit elementor-widget elementor-widget-text-editor\" data-id=\"375c1c3\" data-element_type=\"widget\" data-e-type=\"widget\" data-widget_type=\"text-editor.default\">\n\t\t\t\t<div class=\"elementor-widget-container\">\n\t\t\t\t\t\t\t\t\t<p><strong>Responsabilidad<\/strong><br \/>El contenido de este sitio web o la informaci\u00f3n que se puede obtener se han recopilado con sumo cuidado. Sin embargo, s\u00f3lo sirven para proporcionar informaci\u00f3n no vinculante y para presentar Gimmi<sup>\u00ae<\/sup> y sus productos. Gimmi<sup>\u00ae<\/sup> GmbH no garantiza la integridad y exactitud de las ilustraciones. Adem\u00e1s, la informaci\u00f3n de esta p\u00e1gina web no sustituye el conocimiento preciso de la informaci\u00f3n actual del producto ni de las instrucciones de funcionamiento y seguridad que acompa\u00f1an al producto adquirido. Del contenido de este sitio web tampoco puede deducirse una garant\u00eda sobre la utilidad de los productos para fines espec\u00edficos. En la medida en que pudieran derivarse reclamaciones de la oferta de Internet o de la informaci\u00f3n a obtener de Gimmi<sup>\u00ae<\/sup>, la responsabilidad de Gimmi<sup>\u00ae<\/sup> se limita a dolo y negligencia grave.     <\/p>\n\t\t\t\t\t\t\t\t<\/div>\n\t\t\t\t<\/div>\n\t\t\t\t<div class=\"elementor-element elementor-element-61bae5a elementor-widget__width-inherit elementor-widget-mobile__width-inherit elementor-widget elementor-widget-text-editor\" data-id=\"61bae5a\" data-element_type=\"widget\" data-e-type=\"widget\" data-widget_type=\"text-editor.default\">\n\t\t\t\t<div class=\"elementor-widget-container\">\n\t\t\t\t\t\t\t\t\t<p><strong>Informaci\u00f3n al cliente<\/strong><br \/>El usuario asume la responsabilidad del contenido y exactitud de la informaci\u00f3n que transmite a Gimmi<sup>\u00ae<\/sup> GmbH y garantiza que los derechos de terceros no se ven vulnerados por su transmisi\u00f3n y uso previsto por parte de Gimmi<sup>\u00ae<\/sup>. El usuario acepta que Gimmi<sup>\u00ae<\/sup> almacene esta informaci\u00f3n y la utilice con fines comerciales, siempre que no se trate de datos personales. <\/p>\n\t\t\t\t\t\t\t\t<\/div>\n\t\t\t\t<\/div>\n\t\t\t\t\t<\/div>\n\t\t\t\t<\/div>\n\t\t\t\t\t<\/div>\n\t\t\t\t<\/div>\n\t\t\t\t<\/div>\n\t\t","protected":false},"excerpt":{"rendered":"<p>Pie de Imprenta Gimmi\u00ae GmbHCarl-Zeiss-Strasse 678532 TuttlingenAlemania Registro Comercial: Juzgado de Pimera Instancia de Stuttgart HRB 450213WEEE number: DE90303250IVA: DE 142940512Tel\u00e9fono: +49 7461 965900Fax: +49 7461 9659033Correo el\u00e9ctronico: contact@gimmi.com Director GeneralJaime Cervantes Covarrubias ContenidoEl contenido, la informaci\u00f3n, los documentos y las representaciones que figuran en esta p\u00e1gina web han sido cuidadosamente investigados. S\u00f3lo sirven como [&hellip;]<\/p>\n","protected":false},"author":1,"featured_media":0,"parent":0,"menu_order":120,"comment_status":"closed","ping_status":"closed","template":"elementor_theme","meta":{"_acf_changed":false,"footnotes":""},"class_list":["post-11065","page","type-page","status-publish","hentry"],"acf":[],"yoast_head":"<!-- This site is optimized with the Yoast SEO plugin v27.2 - https:\/\/yoast.com\/product\/yoast-seo-wordpress\/ -->\n<title>Pie de Imprenta - Gimmi<\/title>\n<meta name=\"robots\" content=\"index, follow, max-snippet:-1, max-image-preview:large, max-video-preview:-1\" \/>\n<link rel=\"canonical\" href=\"https:\/\/www.gimmi.com\/es\/pie-de-imprenta\/\" \/>\n<meta property=\"og:locale\" content=\"es_ES\" \/>\n<meta property=\"og:type\" content=\"article\" \/>\n<meta property=\"og:title\" content=\"Pie de Imprenta - Gimmi\" \/>\n<meta property=\"og:description\" content=\"Pie de Imprenta Gimmi\u00ae GmbHCarl-Zeiss-Strasse 678532 TuttlingenAlemania Registro Comercial: Juzgado de Pimera Instancia de Stuttgart HRB 450213WEEE number: DE90303250IVA: DE 142940512Tel\u00e9fono: +49 7461 965900Fax: +49 7461 9659033Correo el\u00e9ctronico: contact@gimmi.com Director GeneralJaime Cervantes Covarrubias ContenidoEl contenido, la informaci\u00f3n, los documentos y las representaciones que figuran en esta p\u00e1gina web han sido cuidadosamente investigados. S\u00f3lo sirven como [&hellip;]\" \/>\n<meta property=\"og:url\" content=\"https:\/\/www.gimmi.com\/es\/pie-de-imprenta\/\" \/>\n<meta property=\"og:site_name\" content=\"Gimmi\" \/>\n<meta property=\"article:publisher\" content=\"https:\/\/www.facebook.com\/gimmigmbh\" \/>\n<meta property=\"article:modified_time\" content=\"2025-12-12T16:35:57+00:00\" \/>\n<meta name=\"twitter:card\" content=\"summary_large_image\" \/>\n<meta name=\"twitter:label1\" content=\"Tiempo de lectura\" \/>\n\t<meta name=\"twitter:data1\" content=\"4 minutos\" \/>\n<script type=\"application\/ld+json\" class=\"yoast-schema-graph\">{\"@context\":\"https:\/\/schema.org\",\"@graph\":[{\"@type\":\"WebPage\",\"@id\":\"https:\/\/www.gimmi.com\/es\/pie-de-imprenta\/\",\"url\":\"https:\/\/www.gimmi.com\/es\/pie-de-imprenta\/\",\"name\":\"Pie de Imprenta - Gimmi\",\"isPartOf\":{\"@id\":\"https:\/\/www.gimmi.com\/es\/#website\"},\"datePublished\":\"2021-08-02T08:28:36+00:00\",\"dateModified\":\"2025-12-12T16:35:57+00:00\",\"breadcrumb\":{\"@id\":\"https:\/\/www.gimmi.com\/es\/pie-de-imprenta\/#breadcrumb\"},\"inLanguage\":\"es\",\"potentialAction\":[{\"@type\":\"ReadAction\",\"target\":[\"https:\/\/www.gimmi.com\/es\/pie-de-imprenta\/\"]}]},{\"@type\":\"BreadcrumbList\",\"@id\":\"https:\/\/www.gimmi.com\/es\/pie-de-imprenta\/#breadcrumb\",\"itemListElement\":[{\"@type\":\"ListItem\",\"position\":1,\"name\":\"Home\",\"item\":\"https:\/\/www.gimmi.com\/es\/home-2\/\"},{\"@type\":\"ListItem\",\"position\":2,\"name\":\"Pie de Imprenta\"}]},{\"@type\":\"WebSite\",\"@id\":\"https:\/\/www.gimmi.com\/es\/#website\",\"url\":\"https:\/\/www.gimmi.com\/es\/\",\"name\":\"Gimmi GmbH\",\"description\":\"Medizintechnik\",\"publisher\":{\"@id\":\"https:\/\/www.gimmi.com\/es\/#organization\"},\"potentialAction\":[{\"@type\":\"SearchAction\",\"target\":{\"@type\":\"EntryPoint\",\"urlTemplate\":\"https:\/\/www.gimmi.com\/es\/?s={search_term_string}\"},\"query-input\":{\"@type\":\"PropertyValueSpecification\",\"valueRequired\":true,\"valueName\":\"search_term_string\"}}],\"inLanguage\":\"es\"},{\"@type\":\"Organization\",\"@id\":\"https:\/\/www.gimmi.com\/es\/#organization\",\"name\":\"Gimmi GmbH\",\"url\":\"https:\/\/www.gimmi.com\/es\/\",\"logo\":{\"@type\":\"ImageObject\",\"inLanguage\":\"es\",\"@id\":\"https:\/\/www.gimmi.com\/es\/#\/schema\/logo\/image\/\",\"url\":\"https:\/\/www.gimmi.com\/wp-content\/uploads\/2021\/08\/gimmi-logo-claim.svg\",\"contentUrl\":\"https:\/\/www.gimmi.com\/wp-content\/uploads\/2021\/08\/gimmi-logo-claim.svg\",\"width\":263,\"height\":50,\"caption\":\"Gimmi GmbH\"},\"image\":{\"@id\":\"https:\/\/www.gimmi.com\/es\/#\/schema\/logo\/image\/\"},\"sameAs\":[\"https:\/\/www.facebook.com\/gimmigmbh\",\"https:\/\/www.youtube.com\/@GimmiGmbH\"]}]}<\/script>\n<!-- \/ Yoast SEO plugin. -->","yoast_head_json":{"title":"Pie de Imprenta - Gimmi","robots":{"index":"index","follow":"follow","max-snippet":"max-snippet:-1","max-image-preview":"max-image-preview:large","max-video-preview":"max-video-preview:-1"},"canonical":"https:\/\/www.gimmi.com\/es\/pie-de-imprenta\/","og_locale":"es_ES","og_type":"article","og_title":"Pie de Imprenta - Gimmi","og_description":"Pie de Imprenta Gimmi\u00ae GmbHCarl-Zeiss-Strasse 678532 TuttlingenAlemania Registro Comercial: Juzgado de Pimera Instancia de Stuttgart HRB 450213WEEE number: DE90303250IVA: DE 142940512Tel\u00e9fono: +49 7461 965900Fax: +49 7461 9659033Correo el\u00e9ctronico: contact@gimmi.com Director GeneralJaime Cervantes Covarrubias ContenidoEl contenido, la informaci\u00f3n, los documentos y las representaciones que figuran en esta p\u00e1gina web han sido cuidadosamente investigados. S\u00f3lo sirven como [&hellip;]","og_url":"https:\/\/www.gimmi.com\/es\/pie-de-imprenta\/","og_site_name":"Gimmi","article_publisher":"https:\/\/www.facebook.com\/gimmigmbh","article_modified_time":"2025-12-12T16:35:57+00:00","twitter_card":"summary_large_image","twitter_misc":{"Tiempo de lectura":"4 minutos"},"schema":{"@context":"https:\/\/schema.org","@graph":[{"@type":"WebPage","@id":"https:\/\/www.gimmi.com\/es\/pie-de-imprenta\/","url":"https:\/\/www.gimmi.com\/es\/pie-de-imprenta\/","name":"Pie de Imprenta - Gimmi","isPartOf":{"@id":"https:\/\/www.gimmi.com\/es\/#website"},"datePublished":"2021-08-02T08:28:36+00:00","dateModified":"2025-12-12T16:35:57+00:00","breadcrumb":{"@id":"https:\/\/www.gimmi.com\/es\/pie-de-imprenta\/#breadcrumb"},"inLanguage":"es","potentialAction":[{"@type":"ReadAction","target":["https:\/\/www.gimmi.com\/es\/pie-de-imprenta\/"]}]},{"@type":"BreadcrumbList","@id":"https:\/\/www.gimmi.com\/es\/pie-de-imprenta\/#breadcrumb","itemListElement":[{"@type":"ListItem","position":1,"name":"Home","item":"https:\/\/www.gimmi.com\/es\/home-2\/"},{"@type":"ListItem","position":2,"name":"Pie de Imprenta"}]},{"@type":"WebSite","@id":"https:\/\/www.gimmi.com\/es\/#website","url":"https:\/\/www.gimmi.com\/es\/","name":"Gimmi GmbH","description":"Medizintechnik","publisher":{"@id":"https:\/\/www.gimmi.com\/es\/#organization"},"potentialAction":[{"@type":"SearchAction","target":{"@type":"EntryPoint","urlTemplate":"https:\/\/www.gimmi.com\/es\/?s={search_term_string}"},"query-input":{"@type":"PropertyValueSpecification","valueRequired":true,"valueName":"search_term_string"}}],"inLanguage":"es"},{"@type":"Organization","@id":"https:\/\/www.gimmi.com\/es\/#organization","name":"Gimmi GmbH","url":"https:\/\/www.gimmi.com\/es\/","logo":{"@type":"ImageObject","inLanguage":"es","@id":"https:\/\/www.gimmi.com\/es\/#\/schema\/logo\/image\/","url":"https:\/\/www.gimmi.com\/wp-content\/uploads\/2021\/08\/gimmi-logo-claim.svg","contentUrl":"https:\/\/www.gimmi.com\/wp-content\/uploads\/2021\/08\/gimmi-logo-claim.svg","width":263,"height":50,"caption":"Gimmi GmbH"},"image":{"@id":"https:\/\/www.gimmi.com\/es\/#\/schema\/logo\/image\/"},"sameAs":["https:\/\/www.facebook.com\/gimmigmbh","https:\/\/www.youtube.com\/@GimmiGmbH"]}]}},"_links":{"self":[{"href":"https:\/\/www.gimmi.com\/es\/wp-json\/wp\/v2\/pages\/11065","targetHints":{"allow":["GET"]}}],"collection":[{"href":"https:\/\/www.gimmi.com\/es\/wp-json\/wp\/v2\/pages"}],"about":[{"href":"https:\/\/www.gimmi.com\/es\/wp-json\/wp\/v2\/types\/page"}],"author":[{"embeddable":true,"href":"https:\/\/www.gimmi.com\/es\/wp-json\/wp\/v2\/users\/1"}],"replies":[{"embeddable":true,"href":"https:\/\/www.gimmi.com\/es\/wp-json\/wp\/v2\/comments?post=11065"}],"version-history":[{"count":3,"href":"https:\/\/www.gimmi.com\/es\/wp-json\/wp\/v2\/pages\/11065\/revisions"}],"predecessor-version":[{"id":27064,"href":"https:\/\/www.gimmi.com\/es\/wp-json\/wp\/v2\/pages\/11065\/revisions\/27064"}],"wp:attachment":[{"href":"https:\/\/www.gimmi.com\/es\/wp-json\/wp\/v2\/media?parent=11065"}],"curies":[{"name":"wp","href":"https:\/\/api.w.org\/{rel}","templated":true}]}}