{"id":10242,"date":"2021-08-02T10:28:36","date_gmt":"2021-08-02T08:28:36","guid":{"rendered":"https:\/\/www.gimmi.com\/impressum\/"},"modified":"2025-12-12T17:33:22","modified_gmt":"2025-12-12T16:33:22","slug":"impressum","status":"publish","type":"page","link":"https:\/\/www.gimmi.com\/de\/impressum\/","title":{"rendered":"Impressum"},"content":{"rendered":"\t\t<div data-elementor-type=\"wp-page\" data-elementor-id=\"10242\" class=\"elementor elementor-10242 elementor-8\" data-elementor-post-type=\"page\">\n\t\t\t\t<div class=\"elementor-element elementor-element-48469c0 e-flex e-con-boxed e-con e-parent\" data-id=\"48469c0\" data-element_type=\"container\" data-e-type=\"container\" id=\"start-other\" data-settings=\"{&quot;background_background&quot;:&quot;classic&quot;}\">\n\t\t\t\t\t<div class=\"e-con-inner\">\n\t\t\t\t\t<\/div>\n\t\t\t\t<\/div>\n\t\t<div class=\"elementor-element elementor-element-794c18f padding-top-25 padding-bottom-200 e-flex e-con-boxed e-con e-parent\" data-id=\"794c18f\" data-element_type=\"container\" data-e-type=\"container\" data-settings=\"{&quot;background_background&quot;:&quot;classic&quot;}\">\n\t\t\t\t\t<div class=\"e-con-inner\">\n\t\t\t\t<div class=\"elementor-element elementor-element-03e0828 margin-bottom-150 elementor-widget elementor-widget-breadcrumbs\" data-id=\"03e0828\" data-element_type=\"widget\" data-e-type=\"widget\" data-widget_type=\"breadcrumbs.default\">\n\t\t\t\t<div class=\"elementor-widget-container\">\n\t\t\t\t\t<p id=\"breadcrumbs\"><span><span><a href=\"https:\/\/www.gimmi.com\/de\/startseite\/\">Home<\/a><\/span><\/span><\/p>\t\t\t\t<\/div>\n\t\t\t\t<\/div>\n\t\t<div class=\"elementor-element elementor-element-22a712b e-flex e-con-boxed e-con e-child\" data-id=\"22a712b\" data-element_type=\"container\" data-e-type=\"container\">\n\t\t\t\t\t<div class=\"e-con-inner\">\n\t\t<div class=\"elementor-element elementor-element-3f64043 margin-bottom-100  e-con-full e-flex e-con e-child\" data-id=\"3f64043\" data-element_type=\"container\" data-e-type=\"container\">\n\t\t\t\t<div class=\"elementor-element elementor-element-b5fb315 underline padding-bottom-25 elementor-widget__width-initial elementor-widget-mobile__width-inherit elementor-widget-tablet__width-inherit elementor-widget elementor-widget-heading\" data-id=\"b5fb315\" data-element_type=\"widget\" data-e-type=\"widget\" data-widget_type=\"heading.default\">\n\t\t\t\t<div class=\"elementor-widget-container\">\n\t\t\t\t\t<h1 class=\"elementor-heading-title elementor-size-default\">Impressum<\/h1>\t\t\t\t<\/div>\n\t\t\t\t<\/div>\n\t\t\t\t<div class=\"elementor-element elementor-element-8bb7780 headline-trenner elementor-widget-divider--view-line elementor-widget elementor-widget-divider\" data-id=\"8bb7780\" data-element_type=\"widget\" data-e-type=\"widget\" data-widget_type=\"divider.default\">\n\t\t\t\t<div class=\"elementor-widget-container\">\n\t\t\t\t\t\t\t<div class=\"elementor-divider\">\n\t\t\t<span class=\"elementor-divider-separator\">\n\t\t\t\t\t\t<\/span>\n\t\t<\/div>\n\t\t\t\t\t\t<\/div>\n\t\t\t\t<\/div>\n\t\t\t\t<\/div>\n\t\t\t\t<div class=\"elementor-element elementor-element-d6a68dd elementor-widget__width-inherit elementor-widget-mobile__width-inherit elementor-widget elementor-widget-text-editor\" data-id=\"d6a68dd\" data-element_type=\"widget\" data-e-type=\"widget\" data-widget_type=\"text-editor.default\">\n\t\t\t\t<div class=\"elementor-widget-container\">\n\t\t\t\t\t\t\t\t\t<p><strong>Gimmi<sup>\u00ae<\/sup> GmbH<\/strong><br \/>Carl-Zeiss-Strasse 6<br \/>78532 Tuttlingen<br \/>Deutschland<\/p><p>Handelsregister: Amtsgericht Stuttgart HRB 450213<br \/>UST-Id.-Nr.: DE 142940512<br \/>Telefon: <a href=\"tel:00497461965900\">+49 7461 965900<\/a><br \/>Telefax: +49 7461 9659033<br \/>E-Mail: <a href=\"mailto:contact@gimmi.com\">contact@gimmi.com<\/a><\/p><p>Gesch\u00e4ftsf\u00fchrer<br \/>Jaime Cervantes Covarrubias <\/p>\t\t\t\t\t\t\t\t<\/div>\n\t\t\t\t<\/div>\n\t\t\t\t<div class=\"elementor-element elementor-element-83f3d6f elementor-widget__width-inherit elementor-widget-mobile__width-inherit elementor-widget elementor-widget-text-editor\" data-id=\"83f3d6f\" data-element_type=\"widget\" data-e-type=\"widget\" data-widget_type=\"text-editor.default\">\n\t\t\t\t<div class=\"elementor-widget-container\">\n\t\t\t\t\t\t\t\t\t<p><strong>Inhalt<\/strong><br \/>Die auf dieser Homepage enthaltenen Inhalte, enthaltenen Informationen, Dokumente und Darstellungen sind sorgf\u00e4ltig recherchiert. Sie dienen lediglich der unverbindlichen Information, insbesondere \u00fcber die Leistungen von Gimmi<sup>\u00ae<\/sup>. Ihr Bereithalten stellt kein Vertragsangebot, Eigenschaftszusicherung oder Garantie dar. Ihre Nutzung zu gesch\u00e4ftlichen Zwecken oder als Grundlage gesch\u00e4ftlicher oder medizinischer Entscheidungen ist ohne gesonderten schriftlichen Vertrag nicht gestattet. Soweit in den Informationen unserer Homepage oder den zu beziehenden Informationen medizinische Aussagen, z.B. zur Anwendung bestimmter Methoden oder Operationsverfahren getroffen werden, sind diese zus\u00e4tzlich vor einer Anwendung auf deren \u00dcbereinstimmung mit dem jeweils aktuellen und anerkannten Stand wissenschaftlicher Erkenntnis zu \u00fcberpr\u00fcfen, etwa anhand neuester wissenschaftlicher Literatur.<\/p>\n\t\t\t\t\t\t\t\t<\/div>\n\t\t\t\t<\/div>\n\t\t\t\t<div class=\"elementor-element elementor-element-d921818 elementor-widget__width-inherit elementor-widget-mobile__width-inherit elementor-widget elementor-widget-text-editor\" data-id=\"d921818\" data-element_type=\"widget\" data-e-type=\"widget\" data-widget_type=\"text-editor.default\">\n\t\t\t\t<div class=\"elementor-widget-container\">\n\t\t\t\t\t\t\t\t\t<p><strong>Nutzungsbedingungen<\/strong><br \/>Nutzung und Zugang der Website erfolgt ausnahmslos auf der Grundlage geltenden Rechts sowie der Nutzungsbedingungen. Falls Sie damit nicht \u00fcbereinstimmen, sind Sie gebeten diese Website nicht zu benutzen. Diese Website wurde von der Gimmi<sup>\u00ae<\/sup> GmbH erstellt und wird stetig gepflegt und weiterentwickelt. Wir behalten uns das Recht vor, die Inhalte der Website sowie die allgemeinen Nutzungsbedingungen nach eigenem Ermessen jederzeit ohne Ank\u00fcndigung ganz oder teilweise zu \u00e4ndern und ihren Betrieb ganz oder teilweise dauerhaft oder vor\u00fcbergehend einzustellen. F\u00fcr den Zugang und Nutzung der Website gelten daher, die aktuellen Bedingungen.<\/p>\n\t\t\t\t\t\t\t\t<\/div>\n\t\t\t\t<\/div>\n\t\t\t\t<div class=\"elementor-element elementor-element-593f9a2 elementor-widget__width-inherit elementor-widget-mobile__width-inherit elementor-widget elementor-widget-text-editor\" data-id=\"593f9a2\" data-element_type=\"widget\" data-e-type=\"widget\" data-widget_type=\"text-editor.default\">\n\t\t\t\t<div class=\"elementor-widget-container\">\n\t\t\t\t\t\t\t\t\t<p><strong>\u00a9 Copyright Gimmi<sup>\u00ae<\/sup> GmbH, Tuttlingen<\/strong><br \/>Alle Abbildungen, Produktbeschreibungen und Texte sind geistiges Eigentum der Gimmi<sup>\u00ae<\/sup> GmbH.<br \/>Weiterverwendung und Vervielf\u00e4ltigung an, sowie durch Dritte ben\u00f6tigen der ausdr\u00fccklichen Genehmigung.<br \/>Die Gimmi<sup>\u00ae<\/sup> GmbH beh\u00e4lt sich alle Rechte vor.<\/p>\n\t\t\t\t\t\t\t\t<\/div>\n\t\t\t\t<\/div>\n\t\t\t\t<div class=\"elementor-element elementor-element-c61ca69 elementor-widget__width-inherit elementor-widget-mobile__width-inherit elementor-widget elementor-widget-text-editor\" data-id=\"c61ca69\" data-element_type=\"widget\" data-e-type=\"widget\" data-widget_type=\"text-editor.default\">\n\t\t\t\t<div class=\"elementor-widget-container\">\n\t\t\t\t\t\t\t\t\t<p><strong>Marken und Logos<\/strong><br \/>Alle Produktnamen und Logos sind gesch\u00fctzte Zeichen der Gimmi<sup>\u00ae<\/sup> GmbH, ihrer verbundener Unternehmen, ihrer Lizenzgeber oder Gesch\u00e4ftspartner. Die nicht ausdr\u00fccklich schriftlich gestattete Nutzung dieser gesch\u00fctzten Zeichen oder sonstiger Materialien ist ausdr\u00fccklich untersagt. Jede unautorisierte Nutzung kann eine Verletzung der Urheberrechte, Markenrechte und sonstiger Schutzrechte von Gimmi<sup>\u00ae<\/sup> darstellen.<\/p>\n\t\t\t\t\t\t\t\t<\/div>\n\t\t\t\t<\/div>\n\t\t\t\t<div class=\"elementor-element elementor-element-f09543f elementor-widget__width-inherit elementor-widget-mobile__width-inherit elementor-widget elementor-widget-text-editor\" data-id=\"f09543f\" data-element_type=\"widget\" data-e-type=\"widget\" data-widget_type=\"text-editor.default\">\n\t\t\t\t<div class=\"elementor-widget-container\">\n\t\t\t\t\t\t\t\t\t<p><strong>Verlinkung<\/strong><br \/>Jede Verlinkung durch dritte Personen auf unsere Website bedarf der schriftlichen Einwilligung der Gimmi<sup>\u00ae<\/sup> GmbH.<\/p>\n\t\t\t\t\t\t\t\t<\/div>\n\t\t\t\t<\/div>\n\t\t\t\t<div class=\"elementor-element elementor-element-f6163ce elementor-widget__width-inherit elementor-widget-mobile__width-inherit elementor-widget elementor-widget-text-editor\" data-id=\"f6163ce\" data-element_type=\"widget\" data-e-type=\"widget\" data-widget_type=\"text-editor.default\">\n\t\t\t\t<div class=\"elementor-widget-container\">\n\t\t\t\t\t\t\t\t\t<p><strong>Eigenes Risiko und Virenschutz<\/strong><br \/>Die Nutzung dieser Website und des Internetangebots von Gimmi<sup>\u00ae<\/sup> erfolgt auf Ihr eigenes Risiko. Sie sind im eigenen Interesse aufgefordert, geeignete Virenschutzma\u00dfnahmen zu ergreifen.<\/p>\n\t\t\t\t\t\t\t\t<\/div>\n\t\t\t\t<\/div>\n\t\t\t\t<div class=\"elementor-element elementor-element-b5fe8d4 elementor-widget__width-inherit elementor-widget-mobile__width-inherit elementor-widget elementor-widget-text-editor\" data-id=\"b5fe8d4\" data-element_type=\"widget\" data-e-type=\"widget\" data-widget_type=\"text-editor.default\">\n\t\t\t\t<div class=\"elementor-widget-container\">\n\t\t\t\t\t\t\t\t\t<p><strong>Drittanbietern Websites und Hyperlinks<\/strong><br \/>Diese Website enth\u00e4lt vereinzelte Links oder Verweise auf Websites Dritter. Die Auswahl erfolgte anhand der zum Zeitpunkt der Verlinkung ersichtlichen Homepage. Etwaige auf den Websites in niedrigeren Ebenen enthaltene unerw\u00fcnschte, etwa rechtswidrige Inhalte oder sp\u00e4tere Ver\u00e4nderungen k\u00f6nnen nicht verhindert werden. Hyperlinks zu Websites Dritter stellen daher insoweit weder eine Zustimmung zu den fremden Inhalten seitens Gimmi<sup>\u00ae<\/sup> dar noch kann Gimmi<sup>\u00ae<\/sup> Verantwortung f\u00fcr die Verf\u00fcgbarkeit oder den Inhalt solcher Websites \u00fcbernehmen. Hyperlinks zu anderen Websites werden Ihnen nur als Annehmlichkeit zur Verf\u00fcgung gestellt.<\/p>\n\t\t\t\t\t\t\t\t<\/div>\n\t\t\t\t<\/div>\n\t\t\t\t<div class=\"elementor-element elementor-element-ad7909f elementor-widget__width-inherit elementor-widget-mobile__width-inherit elementor-widget elementor-widget-text-editor\" data-id=\"ad7909f\" data-element_type=\"widget\" data-e-type=\"widget\" data-widget_type=\"text-editor.default\">\n\t\t\t\t<div class=\"elementor-widget-container\">\n\t\t\t\t\t\t\t\t\t<p><strong>Anwendbares Recht \/ Gerichtsstand<\/strong><br \/>F\u00fcr Gesch\u00e4ftsbedingungen und die gesamten Rechtsbeziehungen gilt das Recht der Bundesrepublik Deutschland.<br \/>Soweit gesetzlich zul\u00e4ssig, ist Tuttlingen ausschlie\u00dflicher Gerichtsstand f\u00fcr alle sich unmittelbar oder mittelbar ergebenden Streitigkeiten.<\/p>\n\t\t\t\t\t\t\t\t<\/div>\n\t\t\t\t<\/div>\n\t\t\t\t<div class=\"elementor-element elementor-element-375c1c3 elementor-widget__width-inherit elementor-widget-mobile__width-inherit elementor-widget elementor-widget-text-editor\" data-id=\"375c1c3\" data-element_type=\"widget\" data-e-type=\"widget\" data-widget_type=\"text-editor.default\">\n\t\t\t\t<div class=\"elementor-widget-container\">\n\t\t\t\t\t\t\t\t\t<p><strong>Haftung<\/strong><br \/>Auf dieser Website enthaltene Inhalte oder die zu beziehenden Informationen wurden mit gro\u00dfer Sorgfalt zusammengestellt. Allerdings dienen sie nur der unverbindlichen Informationen sowie der Darstellung von Gimmi<sup>\u00ae<\/sup> und ihrer Produkte. F\u00fcr Vollst\u00e4ndigkeit und Richtigkeit der Darstellungen \u00fcbernimmt die Gimmi<sup>\u00ae<\/sup> GmbH keine Garantie. Die Informationen auf dieser Website ersetzen zudem nicht die genaue Kenntnisnahme, der einem erworbenen Produkt beigef\u00fcgten aktuellen Produktinformationen, Bedienungs- und Sicherheitshinweisen. Eine Zusicherung der Gebrauchstauglichkeit der Produkte f\u00fcr bestimmte Anwendungszwecke ist den Inhalten dieser Website ebenfalls nicht zu entnehmen. Soweit aus dem Internetangebot oder den zu beziehenden Informationen von Gimmi<sup>\u00ae<\/sup> \u00fcberhaupt Anspr\u00fcche entstehen k\u00f6nnten, wird die Haftung von Gimmi<sup>\u00ae<\/sup> auf Vorsatz und grobe Fahrl\u00e4ssigkeit begrenzt.<\/p>\n\t\t\t\t\t\t\t\t<\/div>\n\t\t\t\t<\/div>\n\t\t\t\t<div class=\"elementor-element elementor-element-61bae5a elementor-widget__width-inherit elementor-widget-mobile__width-inherit elementor-widget elementor-widget-text-editor\" data-id=\"61bae5a\" data-element_type=\"widget\" data-e-type=\"widget\" data-widget_type=\"text-editor.default\">\n\t\t\t\t<div class=\"elementor-widget-container\">\n\t\t\t\t\t\t\t\t\t<p><strong>Kundeninformation<\/strong><br \/>F\u00fcr Informationen, die Sie an die Gimmi<sup>\u00ae<\/sup> GmbH \u00fcbermitteln, \u00fcbernehmen Sie die Gew\u00e4hr hinsichtlich Inhalt und Richtigkeit und sichern zu, dass Rechte Dritter durch deren \u00dcbermittlung und bestimmungsgem\u00e4\u00dfe Nutzung durch Gimmi<sup>\u00ae<\/sup> nicht verletzt werden. Der Nutzer ist damit einverstanden, dass Gimmi<sup>\u00ae<\/sup> diese Informationen speichert, und gesch\u00e4ftliche Zwecke verwendet, sofern es sich nicht um personenbezogene Daten handelt. <\/p>\n\t\t\t\t\t\t\t\t<\/div>\n\t\t\t\t<\/div>\n\t\t\t\t\t<\/div>\n\t\t\t\t<\/div>\n\t\t\t\t\t<\/div>\n\t\t\t\t<\/div>\n\t\t\t\t<\/div>\n\t\t","protected":false},"excerpt":{"rendered":"<p>Impressum Gimmi\u00ae GmbHCarl-Zeiss-Strasse 678532 TuttlingenDeutschland Handelsregister: Amtsgericht Stuttgart HRB 450213UST-Id.-Nr.: DE 142940512Telefon: +49 7461 965900Telefax: +49 7461 9659033E-Mail: contact@gimmi.com Gesch\u00e4ftsf\u00fchrerJaime Cervantes Covarrubias InhaltDie auf dieser Homepage enthaltenen Inhalte, enthaltenen Informationen, Dokumente und Darstellungen sind sorgf\u00e4ltig recherchiert. Sie dienen lediglich der unverbindlichen Information, insbesondere \u00fcber die Leistungen von Gimmi\u00ae. Ihr Bereithalten stellt kein Vertragsangebot, Eigenschaftszusicherung oder [&hellip;]<\/p>\n","protected":false},"author":1,"featured_media":0,"parent":0,"menu_order":120,"comment_status":"closed","ping_status":"closed","template":"elementor_theme","meta":{"_acf_changed":false,"footnotes":""},"class_list":["post-10242","page","type-page","status-publish","hentry"],"acf":[],"yoast_head":"<!-- This site is optimized with the Yoast SEO plugin v27.2 - https:\/\/yoast.com\/product\/yoast-seo-wordpress\/ -->\n<title>Impressum - Gimmi<\/title>\n<meta name=\"robots\" content=\"index, follow, max-snippet:-1, max-image-preview:large, max-video-preview:-1\" \/>\n<link rel=\"canonical\" href=\"https:\/\/www.gimmi.com\/de\/impressum\/\" \/>\n<meta property=\"og:locale\" content=\"de_DE\" \/>\n<meta property=\"og:type\" content=\"article\" \/>\n<meta property=\"og:title\" content=\"Impressum - Gimmi\" \/>\n<meta property=\"og:description\" content=\"Impressum Gimmi\u00ae GmbHCarl-Zeiss-Strasse 678532 TuttlingenDeutschland Handelsregister: Amtsgericht Stuttgart HRB 450213UST-Id.-Nr.: DE 142940512Telefon: +49 7461 965900Telefax: +49 7461 9659033E-Mail: contact@gimmi.com Gesch\u00e4ftsf\u00fchrerJaime Cervantes Covarrubias InhaltDie auf dieser Homepage enthaltenen Inhalte, enthaltenen Informationen, Dokumente und Darstellungen sind sorgf\u00e4ltig recherchiert. Sie dienen lediglich der unverbindlichen Information, insbesondere \u00fcber die Leistungen von Gimmi\u00ae. Ihr Bereithalten stellt kein Vertragsangebot, Eigenschaftszusicherung oder [&hellip;]\" \/>\n<meta property=\"og:url\" content=\"https:\/\/www.gimmi.com\/de\/impressum\/\" \/>\n<meta property=\"og:site_name\" content=\"Gimmi\" \/>\n<meta property=\"article:publisher\" content=\"https:\/\/www.facebook.com\/gimmigmbh\" \/>\n<meta property=\"article:modified_time\" content=\"2025-12-12T16:33:22+00:00\" \/>\n<meta name=\"twitter:card\" content=\"summary_large_image\" \/>\n<meta name=\"twitter:label1\" content=\"Gesch\u00e4tzte Lesezeit\" \/>\n\t<meta name=\"twitter:data1\" content=\"4\u00a0Minuten\" \/>\n<script type=\"application\/ld+json\" class=\"yoast-schema-graph\">{\"@context\":\"https:\/\/schema.org\",\"@graph\":[{\"@type\":\"WebPage\",\"@id\":\"https:\/\/www.gimmi.com\/de\/impressum\/\",\"url\":\"https:\/\/www.gimmi.com\/de\/impressum\/\",\"name\":\"Impressum - Gimmi\",\"isPartOf\":{\"@id\":\"https:\/\/www.gimmi.com\/de\/#website\"},\"datePublished\":\"2021-08-02T08:28:36+00:00\",\"dateModified\":\"2025-12-12T16:33:22+00:00\",\"breadcrumb\":{\"@id\":\"https:\/\/www.gimmi.com\/de\/impressum\/#breadcrumb\"},\"inLanguage\":\"de\",\"potentialAction\":[{\"@type\":\"ReadAction\",\"target\":[\"https:\/\/www.gimmi.com\/de\/impressum\/\"]}]},{\"@type\":\"BreadcrumbList\",\"@id\":\"https:\/\/www.gimmi.com\/de\/impressum\/#breadcrumb\",\"itemListElement\":[{\"@type\":\"ListItem\",\"position\":1,\"name\":\"Home\",\"item\":\"https:\/\/www.gimmi.com\/de\/startseite\/\"},{\"@type\":\"ListItem\",\"position\":2,\"name\":\"Impressum\"}]},{\"@type\":\"WebSite\",\"@id\":\"https:\/\/www.gimmi.com\/de\/#website\",\"url\":\"https:\/\/www.gimmi.com\/de\/\",\"name\":\"Gimmi GmbH\",\"description\":\"Medizintechnik\",\"publisher\":{\"@id\":\"https:\/\/www.gimmi.com\/de\/#organization\"},\"potentialAction\":[{\"@type\":\"SearchAction\",\"target\":{\"@type\":\"EntryPoint\",\"urlTemplate\":\"https:\/\/www.gimmi.com\/de\/?s={search_term_string}\"},\"query-input\":{\"@type\":\"PropertyValueSpecification\",\"valueRequired\":true,\"valueName\":\"search_term_string\"}}],\"inLanguage\":\"de\"},{\"@type\":\"Organization\",\"@id\":\"https:\/\/www.gimmi.com\/de\/#organization\",\"name\":\"Gimmi GmbH\",\"url\":\"https:\/\/www.gimmi.com\/de\/\",\"logo\":{\"@type\":\"ImageObject\",\"inLanguage\":\"de\",\"@id\":\"https:\/\/www.gimmi.com\/de\/#\/schema\/logo\/image\/\",\"url\":\"https:\/\/www.gimmi.com\/wp-content\/uploads\/2021\/08\/gimmi-logo-claim.svg\",\"contentUrl\":\"https:\/\/www.gimmi.com\/wp-content\/uploads\/2021\/08\/gimmi-logo-claim.svg\",\"width\":263,\"height\":50,\"caption\":\"Gimmi GmbH\"},\"image\":{\"@id\":\"https:\/\/www.gimmi.com\/de\/#\/schema\/logo\/image\/\"},\"sameAs\":[\"https:\/\/www.facebook.com\/gimmigmbh\",\"https:\/\/www.youtube.com\/@GimmiGmbH\"]}]}<\/script>\n<!-- \/ Yoast SEO plugin. -->","yoast_head_json":{"title":"Impressum - Gimmi","robots":{"index":"index","follow":"follow","max-snippet":"max-snippet:-1","max-image-preview":"max-image-preview:large","max-video-preview":"max-video-preview:-1"},"canonical":"https:\/\/www.gimmi.com\/de\/impressum\/","og_locale":"de_DE","og_type":"article","og_title":"Impressum - Gimmi","og_description":"Impressum Gimmi\u00ae GmbHCarl-Zeiss-Strasse 678532 TuttlingenDeutschland Handelsregister: Amtsgericht Stuttgart HRB 450213UST-Id.-Nr.: DE 142940512Telefon: +49 7461 965900Telefax: +49 7461 9659033E-Mail: contact@gimmi.com Gesch\u00e4ftsf\u00fchrerJaime Cervantes Covarrubias InhaltDie auf dieser Homepage enthaltenen Inhalte, enthaltenen Informationen, Dokumente und Darstellungen sind sorgf\u00e4ltig recherchiert. Sie dienen lediglich der unverbindlichen Information, insbesondere \u00fcber die Leistungen von Gimmi\u00ae. Ihr Bereithalten stellt kein Vertragsangebot, Eigenschaftszusicherung oder [&hellip;]","og_url":"https:\/\/www.gimmi.com\/de\/impressum\/","og_site_name":"Gimmi","article_publisher":"https:\/\/www.facebook.com\/gimmigmbh","article_modified_time":"2025-12-12T16:33:22+00:00","twitter_card":"summary_large_image","twitter_misc":{"Gesch\u00e4tzte Lesezeit":"4\u00a0Minuten"},"schema":{"@context":"https:\/\/schema.org","@graph":[{"@type":"WebPage","@id":"https:\/\/www.gimmi.com\/de\/impressum\/","url":"https:\/\/www.gimmi.com\/de\/impressum\/","name":"Impressum - Gimmi","isPartOf":{"@id":"https:\/\/www.gimmi.com\/de\/#website"},"datePublished":"2021-08-02T08:28:36+00:00","dateModified":"2025-12-12T16:33:22+00:00","breadcrumb":{"@id":"https:\/\/www.gimmi.com\/de\/impressum\/#breadcrumb"},"inLanguage":"de","potentialAction":[{"@type":"ReadAction","target":["https:\/\/www.gimmi.com\/de\/impressum\/"]}]},{"@type":"BreadcrumbList","@id":"https:\/\/www.gimmi.com\/de\/impressum\/#breadcrumb","itemListElement":[{"@type":"ListItem","position":1,"name":"Home","item":"https:\/\/www.gimmi.com\/de\/startseite\/"},{"@type":"ListItem","position":2,"name":"Impressum"}]},{"@type":"WebSite","@id":"https:\/\/www.gimmi.com\/de\/#website","url":"https:\/\/www.gimmi.com\/de\/","name":"Gimmi GmbH","description":"Medizintechnik","publisher":{"@id":"https:\/\/www.gimmi.com\/de\/#organization"},"potentialAction":[{"@type":"SearchAction","target":{"@type":"EntryPoint","urlTemplate":"https:\/\/www.gimmi.com\/de\/?s={search_term_string}"},"query-input":{"@type":"PropertyValueSpecification","valueRequired":true,"valueName":"search_term_string"}}],"inLanguage":"de"},{"@type":"Organization","@id":"https:\/\/www.gimmi.com\/de\/#organization","name":"Gimmi GmbH","url":"https:\/\/www.gimmi.com\/de\/","logo":{"@type":"ImageObject","inLanguage":"de","@id":"https:\/\/www.gimmi.com\/de\/#\/schema\/logo\/image\/","url":"https:\/\/www.gimmi.com\/wp-content\/uploads\/2021\/08\/gimmi-logo-claim.svg","contentUrl":"https:\/\/www.gimmi.com\/wp-content\/uploads\/2021\/08\/gimmi-logo-claim.svg","width":263,"height":50,"caption":"Gimmi GmbH"},"image":{"@id":"https:\/\/www.gimmi.com\/de\/#\/schema\/logo\/image\/"},"sameAs":["https:\/\/www.facebook.com\/gimmigmbh","https:\/\/www.youtube.com\/@GimmiGmbH"]}]}},"_links":{"self":[{"href":"https:\/\/www.gimmi.com\/de\/wp-json\/wp\/v2\/pages\/10242","targetHints":{"allow":["GET"]}}],"collection":[{"href":"https:\/\/www.gimmi.com\/de\/wp-json\/wp\/v2\/pages"}],"about":[{"href":"https:\/\/www.gimmi.com\/de\/wp-json\/wp\/v2\/types\/page"}],"author":[{"embeddable":true,"href":"https:\/\/www.gimmi.com\/de\/wp-json\/wp\/v2\/users\/1"}],"replies":[{"embeddable":true,"href":"https:\/\/www.gimmi.com\/de\/wp-json\/wp\/v2\/comments?post=10242"}],"version-history":[{"count":3,"href":"https:\/\/www.gimmi.com\/de\/wp-json\/wp\/v2\/pages\/10242\/revisions"}],"predecessor-version":[{"id":27058,"href":"https:\/\/www.gimmi.com\/de\/wp-json\/wp\/v2\/pages\/10242\/revisions\/27058"}],"wp:attachment":[{"href":"https:\/\/www.gimmi.com\/de\/wp-json\/wp\/v2\/media?parent=10242"}],"curies":[{"name":"wp","href":"https:\/\/api.w.org\/{rel}","templated":true}]}}